{"id":120,"date":"2019-03-06T14:42:42","date_gmt":"2019-03-06T14:42:42","guid":{"rendered":"https:\/\/demosites.io\/shop\/?page_id=120"},"modified":"2023-08-19T23:47:31","modified_gmt":"2023-08-19T21:47:31","slug":"about-us","status":"publish","type":"page","link":"https:\/\/holygums.com\/fr\/about-us\/","title":{"rendered":"About Us"},"content":{"rendered":"\t\t<div data-elementor-type=\"wp-post\" data-elementor-id=\"120\" class=\"elementor elementor-120\">\n\t\t\t\t\t\t<section class=\"elementor-section elementor-top-section elementor-element elementor-element-354a131 elementor-section-height-min-height elementor-section-boxed elementor-section-height-default elementor-section-items-middle\" data-id=\"354a131\" data-element_type=\"section\" data-e-type=\"section\" data-settings=\"{&quot;background_background&quot;:&quot;classic&quot;}\">\n\t\t\t\t\t\t\t<div class=\"elementor-background-overlay\"><\/div>\n\t\t\t\t\t\t\t<div class=\"elementor-container elementor-column-gap-default\">\n\t\t\t\t\t<div class=\"elementor-column elementor-col-100 elementor-top-column elementor-element elementor-element-0a4d936\" data-id=\"0a4d936\" data-element_type=\"column\" data-e-type=\"column\">\n\t\t\t<div class=\"elementor-widget-wrap elementor-element-populated\">\n\t\t\t\t\t\t<div class=\"elementor-element elementor-element-e9da4ba elementor-widget elementor-widget-heading\" data-id=\"e9da4ba\" data-element_type=\"widget\" data-e-type=\"widget\" data-widget_type=\"heading.default\">\n\t\t\t\t<div class=\"elementor-widget-container\">\n\t\t\t\t\t<h1 class=\"elementor-heading-title elementor-size-default\">A propos de Nutragums\u2122<\/h1>\t\t\t\t<\/div>\n\t\t\t\t<\/div>\n\t\t\t\t<div class=\"elementor-element elementor-element-1a41a14 elementor-widget elementor-widget-text-editor\" data-id=\"1a41a14\" data-element_type=\"widget\" data-e-type=\"widget\" data-widget_type=\"text-editor.default\">\n\t\t\t\t<div class=\"elementor-widget-container\">\n\t\t\t\t\t\t\t\t\t<p>Qui veut des Gummies bon pour la sant\u00e9 ?<\/p>\t\t\t\t\t\t\t\t<\/div>\n\t\t\t\t<\/div>\n\t\t\t\t\t<\/div>\n\t\t<\/div>\n\t\t\t\t\t<\/div>\n\t\t<\/section>\n\t\t\t\t<section class=\"elementor-section elementor-top-section elementor-element elementor-element-29ca1f6 elementor-section-boxed elementor-section-height-default elementor-section-height-default\" data-id=\"29ca1f6\" data-element_type=\"section\" data-e-type=\"section\">\n\t\t\t\t\t\t<div class=\"elementor-container elementor-column-gap-default\">\n\t\t\t\t\t<div class=\"elementor-column elementor-col-100 elementor-top-column elementor-element elementor-element-f41e457\" data-id=\"f41e457\" data-element_type=\"column\" data-e-type=\"column\">\n\t\t\t<div class=\"elementor-widget-wrap elementor-element-populated\">\n\t\t\t\t\t\t<div class=\"elementor-element elementor-element-c69bae3 elementor-widget elementor-widget-spacer\" data-id=\"c69bae3\" data-element_type=\"widget\" data-e-type=\"widget\" data-widget_type=\"spacer.default\">\n\t\t\t\t<div class=\"elementor-widget-container\">\n\t\t\t\t\t\t\t<div class=\"elementor-spacer\">\n\t\t\t<div class=\"elementor-spacer-inner\"><\/div>\n\t\t<\/div>\n\t\t\t\t\t\t<\/div>\n\t\t\t\t<\/div>\n\t\t\t\t\t<\/div>\n\t\t<\/div>\n\t\t\t\t\t<\/div>\n\t\t<\/section>\n\t\t\t\t<section class=\"elementor-section elementor-top-section elementor-element elementor-element-97b6630 elementor-section-boxed elementor-section-height-default elementor-section-height-default\" data-id=\"97b6630\" data-element_type=\"section\" data-e-type=\"section\">\n\t\t\t\t\t\t<div class=\"elementor-container elementor-column-gap-default\">\n\t\t\t\t\t<div class=\"elementor-column elementor-col-100 elementor-top-column elementor-element elementor-element-dc488e7\" data-id=\"dc488e7\" data-element_type=\"column\" data-e-type=\"column\">\n\t\t\t<div class=\"elementor-widget-wrap elementor-element-populated\">\n\t\t\t\t\t\t<div class=\"elementor-element elementor-element-9d12820 elementor-position-top elementor-widget elementor-widget-image-box\" data-id=\"9d12820\" data-element_type=\"widget\" data-e-type=\"widget\" data-widget_type=\"image-box.default\">\n\t\t\t\t<div class=\"elementor-widget-container\">\n\t\t\t\t\t<div class=\"elementor-image-box-wrapper\"><figure class=\"elementor-image-box-img\"><img fetchpriority=\"high\" decoding=\"async\" data-attachment-id=\"771\" data-permalink=\"https:\/\/holygums.com\/fr\/logo_nutra\/\" data-orig-file=\"https:\/\/i0.wp.com\/holygums.com\/wp-content\/uploads\/2021\/04\/logo_nutra.png?fit=800%2C178&amp;ssl=1\" data-orig-size=\"800,178\" data-comments-opened=\"1\" data-image-meta=\"{&quot;aperture&quot;:&quot;0&quot;,&quot;credit&quot;:&quot;&quot;,&quot;camera&quot;:&quot;&quot;,&quot;caption&quot;:&quot;&quot;,&quot;created_timestamp&quot;:&quot;0&quot;,&quot;copyright&quot;:&quot;&quot;,&quot;focal_length&quot;:&quot;0&quot;,&quot;iso&quot;:&quot;0&quot;,&quot;shutter_speed&quot;:&quot;0&quot;,&quot;title&quot;:&quot;&quot;,&quot;orientation&quot;:&quot;0&quot;}\" data-image-title=\"nutragums vitamins\" data-image-description=\"&lt;p&gt;vitamin gummies&lt;\/p&gt;\n\" data-image-caption=\"\" data-large-file=\"https:\/\/i0.wp.com\/holygums.com\/wp-content\/uploads\/2021\/04\/logo_nutra.png?fit=800%2C178&amp;ssl=1\" width=\"800\" height=\"178\" src=\"https:\/\/i0.wp.com\/holygums.com\/wp-content\/uploads\/2021\/04\/logo_nutra.png?fit=800%2C178&amp;ssl=1\" class=\"attachment-full size-full wp-image-771\" alt=\"NutraGums\" data-attachment-id=\"771\" data-permalink=\"https:\/\/holygums.com\/fr\/logo_nutra\/\" data-orig-file=\"https:\/\/i0.wp.com\/holygums.com\/wp-content\/uploads\/2021\/04\/logo_nutra.png?fit=800%2C178&amp;ssl=1\" data-orig-size=\"800,178\" data-comments-opened=\"1\" data-image-meta=\"{&quot;aperture&quot;:&quot;0&quot;,&quot;credit&quot;:&quot;&quot;,&quot;camera&quot;:&quot;&quot;,&quot;caption&quot;:&quot;&quot;,&quot;created_timestamp&quot;:&quot;0&quot;,&quot;copyright&quot;:&quot;&quot;,&quot;focal_length&quot;:&quot;0&quot;,&quot;iso&quot;:&quot;0&quot;,&quot;shutter_speed&quot;:&quot;0&quot;,&quot;title&quot;:&quot;&quot;,&quot;orientation&quot;:&quot;0&quot;}\" data-image-title=\"nutragums vitamins\" data-image-description=\"&lt;p&gt;vitamin gummies&lt;\/p&gt;\n\" data-image-caption=\"\" data-large-file=\"https:\/\/i0.wp.com\/holygums.com\/wp-content\/uploads\/2021\/04\/logo_nutra.png?fit=800%2C178&amp;ssl=1\" srcset=\"https:\/\/i0.wp.com\/holygums.com\/wp-content\/uploads\/2021\/04\/logo_nutra.png?w=800&amp;ssl=1 800w, https:\/\/i0.wp.com\/holygums.com\/wp-content\/uploads\/2021\/04\/logo_nutra.png?resize=300%2C67&amp;ssl=1 300w, https:\/\/i0.wp.com\/holygums.com\/wp-content\/uploads\/2021\/04\/logo_nutra.png?resize=768%2C171&amp;ssl=1 768w, https:\/\/i0.wp.com\/holygums.com\/wp-content\/uploads\/2021\/04\/logo_nutra.png?resize=600%2C134&amp;ssl=1 600w\" sizes=\"(max-width: 800px) 100vw, 800px\" \/><\/figure><div class=\"elementor-image-box-content\"><h3 class=\"elementor-image-box-title\">Notre petite contribution pour un monde meilleur (...tout au moins votre sant\u00e9)<\/h3><p class=\"elementor-image-box-description\">Nous pensons que les compl\u00e9ments alimentaires agissent efficacement pour le maintien d'une sant\u00e9 optimale.<br>Nous pensons aussi qu'ils devraient avoir bon go\u00fbt !<br>C'est pourquoi nous vous proposons une s\u00e9lection des meilleurs compl\u00e9ments alimentaires sous forme de \"gummies\", ces fameux bonbons g\u00e9lifi\u00e9s.<br>Nos gummies sont charg\u00e9s avec de puissants principes actifs pour l'optimisation de la sant\u00e9 ou de la cosm\u00e9tique.<\/p><\/div><\/div>\t\t\t\t<\/div>\n\t\t\t\t<\/div>\n\t\t\t\t<div class=\"elementor-element elementor-element-4629fe1 elementor-widget elementor-widget-spacer\" data-id=\"4629fe1\" data-element_type=\"widget\" data-e-type=\"widget\" data-widget_type=\"spacer.default\">\n\t\t\t\t<div class=\"elementor-widget-container\">\n\t\t\t\t\t\t\t<div class=\"elementor-spacer\">\n\t\t\t<div class=\"elementor-spacer-inner\"><\/div>\n\t\t<\/div>\n\t\t\t\t\t\t<\/div>\n\t\t\t\t<\/div>\n\t\t\t\t\t<\/div>\n\t\t<\/div>\n\t\t\t\t\t<\/div>\n\t\t<\/section>\n\t\t\t\t<section class=\"elementor-section elementor-top-section elementor-element elementor-element-26c30ae elementor-section-boxed elementor-section-height-default elementor-section-height-default\" data-id=\"26c30ae\" data-element_type=\"section\" data-e-type=\"section\">\n\t\t\t\t\t\t<div class=\"elementor-container elementor-column-gap-default\">\n\t\t\t\t\t<div class=\"elementor-column elementor-col-100 elementor-top-column elementor-element elementor-element-c45e0d0\" data-id=\"c45e0d0\" data-element_type=\"column\" data-e-type=\"column\">\n\t\t\t<div class=\"elementor-widget-wrap\">\n\t\t\t\t\t\t\t<\/div>\n\t\t<\/div>\n\t\t\t\t\t<\/div>\n\t\t<\/section>\n\t\t<div class=\"elementor-element elementor-element-6637371 e-flex e-con-boxed e-con e-parent\" data-id=\"6637371\" data-element_type=\"container\" data-e-type=\"container\">\n\t\t\t\t\t<div class=\"e-con-inner\">\n\t\t\t\t<div class=\"elementor-element elementor-element-51d23bd elementor-widget elementor-widget-spacer\" data-id=\"51d23bd\" data-element_type=\"widget\" data-e-type=\"widget\" data-widget_type=\"spacer.default\">\n\t\t\t\t<div class=\"elementor-widget-container\">\n\t\t\t\t\t\t\t<div class=\"elementor-spacer\">\n\t\t\t<div class=\"elementor-spacer-inner\"><\/div>\n\t\t<\/div>\n\t\t\t\t\t\t<\/div>\n\t\t\t\t<\/div>\n\t\t\t\t\t<\/div>\n\t\t\t\t<\/div>\n\t\t<div class=\"elementor-element elementor-element-060b30c e-flex e-con-boxed e-con e-parent\" data-id=\"060b30c\" data-element_type=\"container\" data-e-type=\"container\">\n\t\t\t\t\t<div class=\"e-con-inner\">\n\t\t\t\t<div class=\"elementor-element elementor-element-1d98af1 elementor-widget elementor-widget-menu-anchor\" data-id=\"1d98af1\" data-element_type=\"widget\" data-e-type=\"widget\" data-widget_type=\"menu-anchor.default\">\n\t\t\t\t<div class=\"elementor-widget-container\">\n\t\t\t\t\t\t\t<div class=\"elementor-menu-anchor\" id=\"contact\"><\/div>\n\t\t\t\t\t\t<\/div>\n\t\t\t\t<\/div>\n\t\t\t\t\t<\/div>\n\t\t\t\t<\/div>\n\t\t<div class=\"elementor-element elementor-element-16cb89e e-flex e-con-boxed e-con e-parent\" data-id=\"16cb89e\" data-element_type=\"container\" data-e-type=\"container\">\n\t\t\t\t\t<div class=\"e-con-inner\">\n\t\t\t\t<div class=\"elementor-element elementor-element-9336bb7 elementor-widget elementor-widget-heading\" data-id=\"9336bb7\" data-element_type=\"widget\" data-e-type=\"widget\" data-widget_type=\"heading.default\">\n\t\t\t\t<div class=\"elementor-widget-container\">\n\t\t\t\t\t<h2 class=\"elementor-heading-title elementor-size-default\">Contact Us<\/h2>\t\t\t\t<\/div>\n\t\t\t\t<\/div>\n\t\t\t\t\t<\/div>\n\t\t\t\t<\/div>\n\t\t<div class=\"elementor-element elementor-element-ab41234 e-flex e-con-boxed e-con e-parent\" data-id=\"ab41234\" data-element_type=\"container\" data-e-type=\"container\">\n\t\t\t\t\t<div class=\"e-con-inner\">\n\t\t\t\t\t<\/div>\n\t\t\t\t<\/div>\n\t\t\t\t<\/div>\n\t\t","protected":false},"excerpt":{"rendered":"<p>A propos de Nutragums\u2122 Qui veut des Gummies bon pour la sant\u00e9 ? Notre petite contribution pour un monde meilleur (&#8230;tout au moins votre sant\u00e9) Nous pensons que les compl\u00e9ments alimentaires agissent efficacement pour le maintien d&rsquo;une sant\u00e9 optimale.Nous pensons aussi qu&rsquo;ils devraient avoir bon go\u00fbt !C&rsquo;est pourquoi nous vous proposons une s\u00e9lection des meilleurs&hellip;&nbsp;<a href=\"https:\/\/holygums.com\/fr\/about-us\/\" rel=\"bookmark\">Lire la suite &raquo;<span class=\"screen-reader-text\">About Us<\/span><\/a><\/p>\n","protected":false},"author":1,"featured_media":0,"parent":0,"menu_order":0,"comment_status":"closed","ping_status":"closed","template":"page-templates\/template-pagebuilder-full-width.php","meta":{"neve_meta_sidebar":"","neve_meta_container":"","neve_meta_enable_content_width":"off","neve_meta_content_width":0,"neve_meta_title_alignment":"","neve_meta_author_avatar":"","neve_post_elements_order":"","neve_meta_disable_header":"","neve_meta_disable_footer":"","neve_meta_disable_title":"","advanced_seo_description":"","jetpack_seo_html_title":"","jetpack_seo_noindex":false,"footnotes":""},"class_list":["post-120","page","type-page","status-publish","hentry"],"jetpack-related-posts":[{"id":420,"url":"https:\/\/holygums.com\/fr\/terms-and-conditions\/","url_meta":{"origin":120,"position":0},"title":"Terms and conditions","author":"HolyGums","date":"vendredi 26 juin 2020","format":false,"excerpt":"Conditions g\u00e9n\u00e9rales de vente Article 1 - ObjetLes pr\u00e9sentes conditions r\u00e9gissent les ventes par la soci\u00e9t\u00e9 NUTRIDEO SAS (contact en bas de cette page)\u00a0pour la vente de compl\u00e9ments alimentaires en ligne.Article 2 - PrixLes prix de nos produits sont indiqu\u00e9s en euros toutes taxes comprises (TVA et autres taxes applicables\u2026","rel":"","context":"Article similaire","block_context":{"text":"Article similaire","link":""},"img":{"alt_text":"","src":"","width":0,"height":0},"classes":[]},{"id":261,"url":"https:\/\/holygums.com\/fr\/","url_meta":{"origin":120,"position":1},"title":"Home","author":"HolyGums","date":"mercredi  6 mars 2019","format":false,"excerpt":"Gummies & Compl\u00e9ments AlimentaireS Tous les b\u00e9n\u00e9fices des ingr\u00e9dients actifs de haute qualit\u00e9 dans de d\u00e9licieux gummies Nos Compl\u00e9ments Bon pour la sant\u00e9. D\u00e9licieux. Gummies! Gummies vitamin\u00e9s - Gummies ACV - Gummies pour le syst\u00e8me immunitaire A notre Propos Nos Compl\u00e9ments Voir tous les produits","rel":"","context":"Article similaire","block_context":{"text":"Article similaire","link":""},"img":{"alt_text":"","src":"","width":0,"height":0},"classes":[]},{"id":1050,"url":"https:\/\/holygums.com\/fr\/coupon\/","url_meta":{"origin":120,"position":2},"title":"Coupons","author":"HolyGums","date":"dimanche 14 novembre 2021","format":false,"excerpt":"COUPONS Profitez de nos gummies \u00e0 prix r\u00e9duit ! Nutragums.com Amazon Nutragums.com B\u00e9n\u00e9ficiez de 20% de r\u00e9duction avec le code NUTRA20 Amazon B\u00e9n\u00e9ficiez sur le site Amazon de 20% de r\u00e9duction. Coupon accessible directement sur le site Amazon dans la page produit. Souscrivez \u00e0 notre #NUTRACLUB pour recevoir des coupons\u2026","rel":"","context":"Article similaire","block_context":{"text":"Article similaire","link":""},"img":{"alt_text":"","src":"","width":0,"height":0},"classes":[]},{"id":2,"url":"https:\/\/holygums.com\/fr\/legal-notice\/","url_meta":{"origin":120,"position":3},"title":"Mentions l\u00e9gales","author":"HolyGums","date":"mardi 16 juin 2020","format":false,"excerpt":"Nutragums\u2122 est distribu\u00e9 par USA NUTRIDEO LLC 18117 BISCAYNE BLVD, SUITE #2220, MIAMI, FL 33160, USA Limited Company EUROPE NUTRIDEO SAS 4 RUE DU REVELY, 06600 ANTIBES, FRANCE Soci\u00e9t\u00e9 par actions simplifi\u00e9e au capital social de 1000\u20ac","rel":"","context":"Article similaire","block_context":{"text":"Article similaire","link":""},"img":{"alt_text":"","src":"","width":0,"height":0},"classes":[]},{"id":54,"url":"https:\/\/holygums.com\/fr\/cart\/","url_meta":{"origin":120,"position":4},"title":"Panier","author":"HolyGums","date":"mercredi  6 mars 2019","format":false,"excerpt":"","rel":"","context":"Article similaire","block_context":{"text":"Article similaire","link":""},"img":{"alt_text":"","src":"","width":0,"height":0},"classes":[]},{"id":3,"url":"https:\/\/holygums.com\/fr\/privacy-policy\/","url_meta":{"origin":120,"position":5},"title":"Politique de confidentialit\u00e9","author":"HolyGums","date":"mardi 16 juin 2020","format":false,"excerpt":"Last updated: April 26, 2020 This Privacy Policy describes Our policies and procedures on the collection, use and disclosure of Your information when You use the Service and tells You about Your privacy rights and how the law protects You. We use Your Personal data to provide and improve the\u2026","rel":"","context":"Article similaire","block_context":{"text":"Article similaire","link":""},"img":{"alt_text":"","src":"","width":0,"height":0},"classes":[]}],"jetpack_sharing_enabled":false,"_links":{"self":[{"href":"https:\/\/holygums.com\/fr\/wp-json\/wp\/v2\/pages\/120","targetHints":{"allow":["GET"]}}],"collection":[{"href":"https:\/\/holygums.com\/fr\/wp-json\/wp\/v2\/pages"}],"about":[{"href":"https:\/\/holygums.com\/fr\/wp-json\/wp\/v2\/types\/page"}],"author":[{"embeddable":true,"href":"https:\/\/holygums.com\/fr\/wp-json\/wp\/v2\/users\/1"}],"replies":[{"embeddable":true,"href":"https:\/\/holygums.com\/fr\/wp-json\/wp\/v2\/comments?post=120"}],"version-history":[{"count":107,"href":"https:\/\/holygums.com\/fr\/wp-json\/wp\/v2\/pages\/120\/revisions"}],"predecessor-version":[{"id":1453,"href":"https:\/\/holygums.com\/fr\/wp-json\/wp\/v2\/pages\/120\/revisions\/1453"}],"wp:attachment":[{"href":"https:\/\/holygums.com\/fr\/wp-json\/wp\/v2\/media?parent=120"}],"curies":[{"name":"wp","href":"https:\/\/api.w.org\/{rel}","templated":true}]}}