{"id":2,"date":"2020-06-16T10:28:08","date_gmt":"2020-06-16T10:28:08","guid":{"rendered":"https:\/\/nutragums.com\/?page_id=2"},"modified":"2021-05-09T14:42:49","modified_gmt":"2021-05-09T14:42:49","slug":"legal-notice","status":"publish","type":"page","link":"https:\/\/holygums.com\/fr\/legal-notice\/","title":{"rendered":"Mentions l\u00e9gales"},"content":{"rendered":"\t\t<div data-elementor-type=\"wp-page\" data-elementor-id=\"2\" class=\"elementor elementor-2\">\n\t\t\t\t\t\t<section class=\"elementor-section elementor-top-section elementor-element elementor-element-32cf9651 elementor-section-boxed elementor-section-height-default elementor-section-height-default\" data-id=\"32cf9651\" data-element_type=\"section\" data-e-type=\"section\">\n\t\t\t\t\t\t<div class=\"elementor-container elementor-column-gap-default\">\n\t\t\t\t\t<div class=\"elementor-column elementor-col-100 elementor-top-column elementor-element elementor-element-4aa566d6\" data-id=\"4aa566d6\" data-element_type=\"column\" data-e-type=\"column\">\n\t\t\t<div class=\"elementor-widget-wrap elementor-element-populated\">\n\t\t\t\t\t\t<div class=\"elementor-element elementor-element-23ab73b2 elementor-invisible elementor-widget elementor-widget-text-editor\" data-id=\"23ab73b2\" data-element_type=\"widget\" data-e-type=\"widget\" data-settings=\"{&quot;_animation&quot;:&quot;pulse&quot;}\" data-widget_type=\"text-editor.default\">\n\t\t\t\t<div class=\"elementor-widget-container\">\n\t\t\t\t\t\t\t\t\t<p>Nutragums\u2122 is distributed by <\/p>\n<p><strong>USA<\/strong><\/p>\n<p><strong>NUTRIDEO LLC<\/strong> 18117 BISCAYNE BLVD, SUITE #2220, MIAMI, FL 33160, USA<\/p>\n<p>Limited Company<\/p>\n<p><br><\/p>\n<p><\/p>\n<p><strong>EUROPE<\/strong><\/p>\n<p><strong>NUTRIDEO SAS<\/strong> 4 RUE DU REVELY, 06600 ANTIBES, FRANCE<\/p>\n<p>Soci\u00e9t\u00e9 par actions simplifi\u00e9e au capital social de 1000\u20ac<\/p>\t\t\t\t\t\t\t\t<\/div>\n\t\t\t\t<\/div>\n\t\t\t\t\t<\/div>\n\t\t<\/div>\n\t\t\t\t\t<\/div>\n\t\t<\/section>\n\t\t\t\t<\/div>\n\t\t","protected":false},"excerpt":{"rendered":"<p>Nutragums\u2122 est distribu\u00e9 par USA NUTRIDEO LLC 18117 BISCAYNE BLVD, SUITE #2220, MIAMI, FL 33160, USA Limited Company EUROPE NUTRIDEO SAS 4 RUE DU REVELY, 06600 ANTIBES, FRANCE Soci\u00e9t\u00e9 par actions simplifi\u00e9e au capital social de 1000\u20ac<\/p>\n","protected":false},"author":1,"featured_media":0,"parent":0,"menu_order":0,"comment_status":"closed","ping_status":"open","template":"","meta":{"neve_meta_sidebar":"","neve_meta_container":"","neve_meta_enable_content_width":"off","neve_meta_content_width":0,"neve_meta_title_alignment":"","neve_meta_author_avatar":"","neve_post_elements_order":"","neve_meta_disable_header":"","neve_meta_disable_footer":"","neve_meta_disable_title":"","advanced_seo_description":"","jetpack_seo_html_title":"","jetpack_seo_noindex":false,"footnotes":""},"class_list":["post-2","page","type-page","status-publish","hentry"],"jetpack-related-posts":[{"id":261,"url":"https:\/\/holygums.com\/fr\/","url_meta":{"origin":2,"position":0},"title":"Home","author":"HolyGums","date":"mercredi  6 mars 2019","format":false,"excerpt":"Gummies & Compl\u00e9ments AlimentaireS Tous les b\u00e9n\u00e9fices des ingr\u00e9dients actifs de haute qualit\u00e9 dans de d\u00e9licieux gummies Nos Compl\u00e9ments Bon pour la sant\u00e9. D\u00e9licieux. Gummies! Gummies vitamin\u00e9s - Gummies ACV - Gummies pour le syst\u00e8me immunitaire A notre Propos Nos Compl\u00e9ments Voir tous les produits","rel":"","context":"Article similaire","block_context":{"text":"Article similaire","link":""},"img":{"alt_text":"","src":"","width":0,"height":0},"classes":[]},{"id":1050,"url":"https:\/\/holygums.com\/fr\/coupon\/","url_meta":{"origin":2,"position":1},"title":"Coupons","author":"HolyGums","date":"dimanche 14 novembre 2021","format":false,"excerpt":"COUPONS Profitez de nos gummies \u00e0 prix r\u00e9duit ! Nutragums.com Amazon Nutragums.com B\u00e9n\u00e9ficiez de 20% de r\u00e9duction avec le code NUTRA20 Amazon B\u00e9n\u00e9ficiez sur le site Amazon de 20% de r\u00e9duction. Coupon accessible directement sur le site Amazon dans la page produit. Souscrivez \u00e0 notre #NUTRACLUB pour recevoir des coupons\u2026","rel":"","context":"Article similaire","block_context":{"text":"Article similaire","link":""},"img":{"alt_text":"","src":"","width":0,"height":0},"classes":[]},{"id":54,"url":"https:\/\/holygums.com\/fr\/cart\/","url_meta":{"origin":2,"position":2},"title":"Panier","author":"HolyGums","date":"mercredi  6 mars 2019","format":false,"excerpt":"","rel":"","context":"Article similaire","block_context":{"text":"Article similaire","link":""},"img":{"alt_text":"","src":"","width":0,"height":0},"classes":[]},{"id":120,"url":"https:\/\/holygums.com\/fr\/about-us\/","url_meta":{"origin":2,"position":3},"title":"About Us","author":"HolyGums","date":"mercredi  6 mars 2019","format":false,"excerpt":"A propos de Nutragums\u2122 Qui veut des Gummies bon pour la sant\u00e9 ? Notre petite contribution pour un monde meilleur (...tout au moins votre sant\u00e9)Nous pensons que les compl\u00e9ments alimentaires agissent efficacement pour le maintien d'une sant\u00e9 optimale.Nous pensons aussi qu'ils devraient avoir bon go\u00fbt !C'est pourquoi nous vous proposons\u2026","rel":"","context":"Article similaire","block_context":{"text":"Article similaire","link":""},"img":{"alt_text":"NutraGums","src":"https:\/\/i0.wp.com\/nutragums.com\/wp-content\/uploads\/2021\/04\/logo_nutra.png?resize=350%2C200&ssl=1","width":350,"height":200,"srcset":"https:\/\/i0.wp.com\/nutragums.com\/wp-content\/uploads\/2021\/04\/logo_nutra.png?resize=350%2C200&ssl=1 1x, https:\/\/i0.wp.com\/nutragums.com\/wp-content\/uploads\/2021\/04\/logo_nutra.png?resize=525%2C300&ssl=1 1.5x, https:\/\/i0.wp.com\/nutragums.com\/wp-content\/uploads\/2021\/04\/logo_nutra.png?resize=700%2C400&ssl=1 2x"},"classes":[]},{"id":420,"url":"https:\/\/holygums.com\/fr\/terms-and-conditions\/","url_meta":{"origin":2,"position":4},"title":"Terms and conditions","author":"HolyGums","date":"vendredi 26 juin 2020","format":false,"excerpt":"Conditions g\u00e9n\u00e9rales de vente Article 1 - ObjetLes pr\u00e9sentes conditions r\u00e9gissent les ventes par la soci\u00e9t\u00e9 NUTRIDEO SAS (contact en bas de cette page)\u00a0pour la vente de compl\u00e9ments alimentaires en ligne.Article 2 - PrixLes prix de nos produits sont indiqu\u00e9s en euros toutes taxes comprises (TVA et autres taxes applicables\u2026","rel":"","context":"Article similaire","block_context":{"text":"Article similaire","link":""},"img":{"alt_text":"","src":"","width":0,"height":0},"classes":[]},{"id":3,"url":"https:\/\/holygums.com\/fr\/privacy-policy\/","url_meta":{"origin":2,"position":5},"title":"Politique de confidentialit\u00e9","author":"HolyGums","date":"mardi 16 juin 2020","format":false,"excerpt":"Last updated: April 26, 2020 This Privacy Policy describes Our policies and procedures on the collection, use and disclosure of Your information when You use the Service and tells You about Your privacy rights and how the law protects You. We use Your Personal data to provide and improve the\u2026","rel":"","context":"Article similaire","block_context":{"text":"Article similaire","link":""},"img":{"alt_text":"","src":"","width":0,"height":0},"classes":[]}],"jetpack_sharing_enabled":false,"_links":{"self":[{"href":"https:\/\/holygums.com\/fr\/wp-json\/wp\/v2\/pages\/2","targetHints":{"allow":["GET"]}}],"collection":[{"href":"https:\/\/holygums.com\/fr\/wp-json\/wp\/v2\/pages"}],"about":[{"href":"https:\/\/holygums.com\/fr\/wp-json\/wp\/v2\/types\/page"}],"author":[{"embeddable":true,"href":"https:\/\/holygums.com\/fr\/wp-json\/wp\/v2\/users\/1"}],"replies":[{"embeddable":true,"href":"https:\/\/holygums.com\/fr\/wp-json\/wp\/v2\/comments?post=2"}],"version-history":[{"count":24,"href":"https:\/\/holygums.com\/fr\/wp-json\/wp\/v2\/pages\/2\/revisions"}],"predecessor-version":[{"id":919,"href":"https:\/\/holygums.com\/fr\/wp-json\/wp\/v2\/pages\/2\/revisions\/919"}],"wp:attachment":[{"href":"https:\/\/holygums.com\/fr\/wp-json\/wp\/v2\/media?parent=2"}],"curies":[{"name":"wp","href":"https:\/\/api.w.org\/{rel}","templated":true}]}}