{"id":420,"date":"2020-06-26T15:46:20","date_gmt":"2020-06-26T15:46:20","guid":{"rendered":"http:\/\/nutrigums.com\/?page_id=420"},"modified":"2023-08-19T22:37:14","modified_gmt":"2023-08-19T20:37:14","slug":"terms-and-conditions","status":"publish","type":"page","link":"https:\/\/holygums.com\/fr\/terms-and-conditions\/","title":{"rendered":"Terms and conditions"},"content":{"rendered":"\t\t<div data-elementor-type=\"wp-page\" data-elementor-id=\"420\" class=\"elementor elementor-420\">\n\t\t\t\t\t\t<section class=\"elementor-section elementor-top-section elementor-element elementor-element-938a5e7 elementor-section-height-min-height elementor-section-boxed elementor-section-height-default elementor-section-items-middle\" data-id=\"938a5e7\" data-element_type=\"section\" data-e-type=\"section\" data-settings=\"{&quot;background_background&quot;:&quot;classic&quot;}\">\n\t\t\t\t\t\t\t<div class=\"elementor-background-overlay\"><\/div>\n\t\t\t\t\t\t\t<div class=\"elementor-container elementor-column-gap-default\">\n\t\t\t\t\t<div class=\"elementor-column elementor-col-100 elementor-top-column elementor-element elementor-element-1418d29\" data-id=\"1418d29\" data-element_type=\"column\" data-e-type=\"column\">\n\t\t\t<div class=\"elementor-widget-wrap elementor-element-populated\">\n\t\t\t\t\t\t<div class=\"elementor-element elementor-element-3a1c954 elementor-widget elementor-widget-heading\" data-id=\"3a1c954\" data-element_type=\"widget\" data-e-type=\"widget\" data-widget_type=\"heading.default\">\n\t\t\t\t<div class=\"elementor-widget-container\">\n\t\t\t\t\t<h2 class=\"elementor-heading-title elementor-size-default\">Conditions g\u00e9n\u00e9rales de vente<\/h2>\t\t\t\t<\/div>\n\t\t\t\t<\/div>\n\t\t\t\t\t<\/div>\n\t\t<\/div>\n\t\t\t\t\t<\/div>\n\t\t<\/section>\n\t\t\t\t<section class=\"elementor-section elementor-top-section elementor-element elementor-element-6737c1d5 elementor-section-boxed elementor-section-height-default elementor-section-height-default\" data-id=\"6737c1d5\" data-element_type=\"section\" data-e-type=\"section\">\n\t\t\t\t\t\t<div class=\"elementor-container elementor-column-gap-default\">\n\t\t\t\t\t<div class=\"elementor-column elementor-col-100 elementor-top-column elementor-element elementor-element-785ae0d9\" data-id=\"785ae0d9\" data-element_type=\"column\" data-e-type=\"column\">\n\t\t\t<div class=\"elementor-widget-wrap elementor-element-populated\">\n\t\t\t\t\t\t<div class=\"elementor-element elementor-element-ea05ff1 elementor-widget elementor-widget-text-editor\" data-id=\"ea05ff1\" data-element_type=\"widget\" data-e-type=\"widget\" data-widget_type=\"text-editor.default\">\n\t\t\t\t<div class=\"elementor-widget-container\">\n\t\t\t\t\t\t\t\t\t<p><\/p><p><strong>Article 1 &#8211; Objet<\/strong><\/p><p>Les pr\u00e9sentes conditions r\u00e9gissent les ventes par la soci\u00e9t\u00e9 NUTRIDEO SAS (contact en bas de cette page)\u00a0pour la vente de compl\u00e9ments alimentaires en ligne.<\/p><p><strong>Article 2 &#8211; Prix<\/strong><\/p><p>Les prix de nos produits sont indiqu\u00e9s en euros toutes taxes comprises (TVA et autres taxes applicables au jour de la commande), sauf indication contraire et hors frais de traitement et d&rsquo;exp\u00e9dition.<\/p><p>Toutes les commandes quelle que soit leur origine sont payables en euros.<\/p><p>NUTRAGUMS\u2122 se r\u00e9serve le droit de modifier ses prix \u00e0 tout moment, mais le produit sera factur\u00e9 sur la base du tarif en vigueur au moment de la validation de la commande et sous r\u00e9serve de disponibilit\u00e9.<\/p><p>Les produits demeurent la propri\u00e9t\u00e9 de la soci\u00e9t\u00e9 Nutrideo SAS jusqu&rsquo;au paiement complet du prix.<\/p><p><strong>Article 3<\/strong> <strong>&#8211; Commandes<\/strong><\/p><p>Vous pouvez passer commande :<\/p><ul><li><p>Sur Internet : <a href=\"https:\/\/nutragums.com\">https:\/\/nutragums.com<\/a><\/p><\/li><\/ul><p>Les informations contractuelles sont pr\u00e9sent\u00e9es en langue fran\u00e7aise et feront l&rsquo;objet d&rsquo;une confirmation au plus tard au moment de la validation de votre commande.<\/p><p>NUTRAGUMS\u2122 se r\u00e9serve le droit de ne pas enregistrer un paiement, et de ne pas confirmer une commande pour quelque raison que ce soit, et plus particuli\u00e8rement en cas de probl\u00e8me d&rsquo;approvisionnement, ou en cas de difficult\u00e9 concernant la commande re\u00e7ue.<\/p><p><strong>Article 4 &#8211; Validation de votre commande<\/strong><\/p><p>Toute commande figurant sur le site Internet <a href=\"https:\/\/nutragums.com\">nutragums.com<\/a>\u00a0 suppose l&rsquo;adh\u00e9sion aux pr\u00e9sentes Conditions G\u00e9n\u00e9rales. Toute confirmation de commande entra\u00eene votre adh\u00e9sion pleine et enti\u00e8re aux pr\u00e9sentes conditions g\u00e9n\u00e9rales de vente, sans exception ni r\u00e9serve.<\/p><p>L&rsquo;ensemble des donn\u00e9es fournies et la confirmation enregistr\u00e9e vaudront preuve de la transaction.<\/p><p>Vous d\u00e9clarez en avoir parfaite connaissance.<\/p><p>La confirmation de commande vaudra signature et acceptation des op\u00e9rations effectu\u00e9es.<\/p><p>Un r\u00e9capitulatif des informations de votre commande et des pr\u00e9sentes Conditions G\u00e9n\u00e9rales, vous sera communiqu\u00e9\u00a0 via l&rsquo;adresse e-mail de confirmation de votre commande.<\/p><p><strong>Article 5 &#8211; Paiement<\/strong><\/p><p>Le fait de valider votre commande implique pour vous l&rsquo;obligation de payer le prix indiqu\u00e9.<\/p><p>Le r\u00e8glement de vos achats s&rsquo;effectue par carte bancaire gr\u00e2ce au syst\u00e8me s\u00e9curis\u00e9 Paypal\u00ae ou Stripe\u00ae.<\/p><p>Le d\u00e9bit de la carte est effectu\u00e9 au moment de la commande.<\/p><p><strong>Article 6 &#8211; R\u00e9tractation et Retours<\/strong><\/p><p>Conform\u00e9ment aux dispositions de l&rsquo;article L.121-21 du Code de la Consommation, vous disposez d&rsquo;un d\u00e9lai de r\u00e9tractation de 14 jours \u00e0 compter de la r\u00e9ception de vos produits pour exercer votre droit de r\u00e9traction sans avoir \u00e0 justifier de motifs ni \u00e0 payer de p\u00e9nalit\u00e9.<\/p><p>Les retours sont \u00e0 effectuer dans leur \u00e9tat d&rsquo;origine et complets (emballage, accessoires, notice). Dans ce cadre, votre responsabilit\u00e9 est engag\u00e9e. Tout dommage subi par le produit \u00e0 cette occasion peut \u00eatre de nature \u00e0 faire \u00e9chec au droit de r\u00e9tractation. Des frais de retour peuvent rester \u00e0 votre charge.<\/p><p>En cas d&rsquo;exercice du droit de r\u00e9tractation, NUTRAGUMS\u2122 proc\u00e9dera au remboursement des sommes vers\u00e9es, dans un d\u00e9lai de 14 jours suivant la notification de votre demande et via le m\u00eame moyen de paiement que celui utilis\u00e9 lors de la commande.<\/p><p><strong>Article 7 &#8211; Disponibilit\u00e9<\/strong><\/p><p>Nos produits sont propos\u00e9s tant qu&rsquo;ils sont visibles sur le site <a href=\"https:\/\/nutragums.com\">nutragums.com<\/a>\u00a0et dans la limite des stocks disponibles. Pour les produits non stock\u00e9s, nos offres sont valables sous r\u00e9serve de disponibilit\u00e9.<br \/>En cas d&rsquo;indisponibilit\u00e9 de produit apr\u00e8s passation de votre commande, nous vous en informerons par mail. Votre commande sera automatiquement annul\u00e9e et aucun d\u00e9bit bancaire ne sera effectu\u00e9.<\/p><p><strong>Article 8 &#8211; Livraison<\/strong><\/p><p>Les produits sont livr\u00e9s \u00e0 l&rsquo;adresse de livraison indiqu\u00e9e au cours du processus de commande, dans le d\u00e9lai indiqu\u00e9 sur la page de validation de la commande.<\/p><p>En cas de retard d&rsquo;exp\u00e9dition, un mail vous sera adress\u00e9 pour vous informer d&rsquo;une \u00e9ventuelle cons\u00e9quence sur le d\u00e9lai de livraison qui vous a \u00e9t\u00e9 indiqu\u00e9.<\/p><p>Conform\u00e9ment aux dispositions l\u00e9gales, en cas de retard de livraison, vous b\u00e9n\u00e9ficiez de la possibilit\u00e9 d&rsquo;annuler la commande dans les conditions et modalit\u00e9s d\u00e9finies \u00e0 l&rsquo;article L 138-2 du Code de la Consommation. Si entre temps vous recevez le produit nous proc\u00e9derons \u00e0 son remboursement et aux frais d&rsquo;acheminement dans les conditions de l&rsquo;article L 138-3 du Code de la Consommation.<\/p><p>En cas de livraisons par un transporteur, la soci\u00e9t\u00e9 Nutrideo SAS ne peut \u00eatre tenue pour responsable de retard de livraison d\u00fb exclusivement \u00e0 une indisponibilit\u00e9 du client apr\u00e8s plusieurs propositions de rendez-vous.<\/p><p><strong>Article 9 &#8211; Garantie<\/strong><\/p><p>Tous nos produits b\u00e9n\u00e9ficient de la garantie l\u00e9gale de conformit\u00e9 et de la garantie des vices cach\u00e9s, pr\u00e9vues par les articles 1641 et suivants du Code civil. En cas de non-conformit\u00e9 d&rsquo;un produit vendu, il pourra \u00eatre retourn\u00e9, \u00e9chang\u00e9 ou rembours\u00e9.<\/p><p>Toutes les r\u00e9clamations, demandes d&rsquo;\u00e9change ou de remboursement doivent s&rsquo;effectuer par mail dans le d\u00e9lai de 3 jours de la livraison.<\/p><p>Les produits doivent nous \u00eatre retourn\u00e9s dans l&rsquo;\u00e9tat dans lequel vous les avez re\u00e7us avec l&rsquo;ensemble des \u00e9l\u00e9ments (accessoires, emballage, notice&#8230;). Les dispositions de cet article ne vous emp\u00eachent pas de b\u00e9n\u00e9ficier du droit de r\u00e9tractation pr\u00e9vu \u00e0 l&rsquo;article 6.<\/p><p><strong>Article 10 &#8211; Responsabilit\u00e9<\/strong><\/p><p>Les produits propos\u00e9s sont conformes \u00e0 la l\u00e9gislation fran\u00e7aise en vigueur.<\/p><p>Par ailleurs, la soci\u00e9t\u00e9 Nutrideo SAS ne saurait \u00eatre tenue pour responsable des dommages r\u00e9sultant d&rsquo;une mauvaise utilisation du produit achet\u00e9.<\/p><p>Enfin la responsabilit\u00e9 de la soci\u00e9t\u00e9 ne saurait \u00eatre engag\u00e9e pour tous les inconv\u00e9nients ou dommages inh\u00e9rents \u00e0 l&rsquo;utilisation du r\u00e9seau Internet, notamment une rupture de service, une intrusion ext\u00e9rieure ou la pr\u00e9sence de virus informatiques.<\/p><p><strong>Article 11 &#8211; Droit applicable en cas de litiges<\/strong><\/p><p>La langue du pr\u00e9sent contrat est la langue fran\u00e7aise. Les pr\u00e9sentes conditions de vente sont soumises \u00e0 la loi fran\u00e7aise. En cas de litige, les tribunaux fran\u00e7ais seront les seuls comp\u00e9tents.<\/p><p><strong>Article 12 &#8211; Propri\u00e9t\u00e9 intellectuelle<\/strong><\/p><p>Tous les \u00e9l\u00e9ments du site <a href=\"https:\/\/nutragums.com\">nutragums.com<\/a> sont et restent la propri\u00e9t\u00e9 intellectuelle et exclusive de la soci\u00e9t\u00e9 Nutrideo SAS. Nul n&rsquo;est autoris\u00e9 \u00e0 reproduire, exploiter, rediffuser, ou utiliser \u00e0 quelque titre que ce soit, m\u00eame partiellement, des \u00e9l\u00e9ments du site qu&rsquo;ils soient logiciels, visuels ou sonores. Tout lien simple ou par hypertexte est strictement interdit sans un accord \u00e9crit expr\u00e8s de la soci\u00e9t\u00e9.<\/p><p><strong>Article 13 &#8211; Donn\u00e9es personnelles<\/strong><\/p><p>NUTRAGUMS\u2122 se r\u00e9serve le droit de collecter les informations nominatives et les donn\u00e9es personnelles vous concernant. Elles sont n\u00e9cessaires \u00e0 la gestion de votre commande, ainsi qu&rsquo;\u00e0 l&rsquo;am\u00e9lioration des services et des informations que nous vous adressons.<\/p><p>Elles peuvent aussi \u00eatre transmises aux soci\u00e9t\u00e9s qui contribuent \u00e0 ces relations, telles que celles charg\u00e9es de l&rsquo;ex\u00e9cution des services et commandes pour leur gestion, ex\u00e9cution, traitement et paiement.<\/p><p>Ces informations et donn\u00e9es sont \u00e9galement conserv\u00e9es \u00e0 des fins de s\u00e9curit\u00e9, afin de respecter les obligations l\u00e9gales et r\u00e9glementaires.<\/p><p>Conform\u00e9ment \u00e0 la loi du 6 janvier 1978, vous disposez d&rsquo;un droit d&rsquo;acc\u00e8s, de rectification et d&rsquo;opposition aux informations nominatives et aux donn\u00e9es personnelles vous concernant, directement sur le site Internet.<\/p><p><strong>Article 14 &#8211; Archivage de Preuve<\/strong><\/p><p>NUTRAGUMS\u2122 archivera les bons de commandes et les factures sur un support fiable et durable constituant une copie fid\u00e8le conform\u00e9ment aux dispositions de l&rsquo;article 1348 du Code civil.<\/p><h4>NUTRAGUMS\u2122\u00a0 est une marque d\u00e9pos\u00e9e distribu\u00e9e par NUTRIDEO SAS, 4 RUE DU REVELY, 06600 ANTIBES, FRANCE.<\/h4><h4>Adresse du courrier \u00e9lectronique : hello@nutragums.com<\/h4><p><\/p>\t\t\t\t\t\t\t\t<\/div>\n\t\t\t\t<\/div>\n\t\t\t\t\t<\/div>\n\t\t<\/div>\n\t\t\t\t\t<\/div>\n\t\t<\/section>\n\t\t\t\t<\/div>\n\t\t","protected":false},"excerpt":{"rendered":"<p>Conditions g\u00e9n\u00e9rales de vente Article 1 &#8211; Objet Les pr\u00e9sentes conditions r\u00e9gissent les ventes par la soci\u00e9t\u00e9 NUTRIDEO SAS (contact en bas de cette page)\u00a0pour la vente de compl\u00e9ments alimentaires en ligne. Article 2 &#8211; Prix Les prix de nos produits sont indiqu\u00e9s en euros toutes taxes comprises (TVA et autres taxes applicables au jour&hellip;&nbsp;<a href=\"https:\/\/holygums.com\/fr\/terms-and-conditions\/\" rel=\"bookmark\">Lire la suite &raquo;<span class=\"screen-reader-text\">Terms and conditions<\/span><\/a><\/p>\n","protected":false},"author":1,"featured_media":0,"parent":0,"menu_order":0,"comment_status":"closed","ping_status":"closed","template":"page-templates\/template-pagebuilder-full-width.php","meta":{"neve_meta_sidebar":"","neve_meta_container":"","neve_meta_enable_content_width":"off","neve_meta_content_width":100,"neve_meta_title_alignment":"","neve_meta_author_avatar":"","neve_post_elements_order":"","neve_meta_disable_header":"","neve_meta_disable_footer":"","neve_meta_disable_title":"","advanced_seo_description":"","jetpack_seo_html_title":"","jetpack_seo_noindex":false,"footnotes":""},"class_list":["post-420","page","type-page","status-publish","hentry"],"jetpack-related-posts":[{"id":120,"url":"https:\/\/holygums.com\/fr\/about-us\/","url_meta":{"origin":420,"position":0},"title":"About Us","author":"HolyGums","date":"mercredi  6 mars 2019","format":false,"excerpt":"A propos de Nutragums\u2122 Qui veut des Gummies bon pour la sant\u00e9 ? Notre petite contribution pour un monde meilleur (...tout au moins votre sant\u00e9)Nous pensons que les compl\u00e9ments alimentaires agissent efficacement pour le maintien d'une sant\u00e9 optimale.Nous pensons aussi qu'ils devraient avoir bon go\u00fbt !C'est pourquoi nous vous proposons\u2026","rel":"","context":"Article similaire","block_context":{"text":"Article similaire","link":""},"img":{"alt_text":"NutraGums","src":"https:\/\/i0.wp.com\/nutragums.com\/wp-content\/uploads\/2021\/04\/logo_nutra.png?resize=350%2C200&ssl=1","width":350,"height":200,"srcset":"https:\/\/i0.wp.com\/nutragums.com\/wp-content\/uploads\/2021\/04\/logo_nutra.png?resize=350%2C200&ssl=1 1x, https:\/\/i0.wp.com\/nutragums.com\/wp-content\/uploads\/2021\/04\/logo_nutra.png?resize=525%2C300&ssl=1 1.5x, https:\/\/i0.wp.com\/nutragums.com\/wp-content\/uploads\/2021\/04\/logo_nutra.png?resize=700%2C400&ssl=1 2x"},"classes":[]},{"id":261,"url":"https:\/\/holygums.com\/fr\/","url_meta":{"origin":420,"position":1},"title":"Home","author":"HolyGums","date":"mercredi  6 mars 2019","format":false,"excerpt":"Gummies & Compl\u00e9ments AlimentaireS Tous les b\u00e9n\u00e9fices des ingr\u00e9dients actifs de haute qualit\u00e9 dans de d\u00e9licieux gummies Nos Compl\u00e9ments Bon pour la sant\u00e9. D\u00e9licieux. Gummies! Gummies vitamin\u00e9s - Gummies ACV - Gummies pour le syst\u00e8me immunitaire A notre Propos Nos Compl\u00e9ments Voir tous les produits","rel":"","context":"Article similaire","block_context":{"text":"Article similaire","link":""},"img":{"alt_text":"","src":"","width":0,"height":0},"classes":[]},{"id":1050,"url":"https:\/\/holygums.com\/fr\/coupon\/","url_meta":{"origin":420,"position":2},"title":"Coupons","author":"HolyGums","date":"dimanche 14 novembre 2021","format":false,"excerpt":"COUPONS Profitez de nos gummies \u00e0 prix r\u00e9duit ! Nutragums.com Amazon Nutragums.com B\u00e9n\u00e9ficiez de 20% de r\u00e9duction avec le code NUTRA20 Amazon B\u00e9n\u00e9ficiez sur le site Amazon de 20% de r\u00e9duction. Coupon accessible directement sur le site Amazon dans la page produit. Souscrivez \u00e0 notre #NUTRACLUB pour recevoir des coupons\u2026","rel":"","context":"Article similaire","block_context":{"text":"Article similaire","link":""},"img":{"alt_text":"","src":"","width":0,"height":0},"classes":[]},{"id":2,"url":"https:\/\/holygums.com\/fr\/legal-notice\/","url_meta":{"origin":420,"position":3},"title":"Mentions l\u00e9gales","author":"HolyGums","date":"mardi 16 juin 2020","format":false,"excerpt":"Nutragums\u2122 est distribu\u00e9 par USA NUTRIDEO LLC 18117 BISCAYNE BLVD, SUITE #2220, MIAMI, FL 33160, USA Limited Company EUROPE NUTRIDEO SAS 4 RUE DU REVELY, 06600 ANTIBES, FRANCE Soci\u00e9t\u00e9 par actions simplifi\u00e9e au capital social de 1000\u20ac","rel":"","context":"Article similaire","block_context":{"text":"Article similaire","link":""},"img":{"alt_text":"","src":"","width":0,"height":0},"classes":[]},{"id":54,"url":"https:\/\/holygums.com\/fr\/cart\/","url_meta":{"origin":420,"position":4},"title":"Panier","author":"HolyGums","date":"mercredi  6 mars 2019","format":false,"excerpt":"","rel":"","context":"Article similaire","block_context":{"text":"Article similaire","link":""},"img":{"alt_text":"","src":"","width":0,"height":0},"classes":[]},{"id":3,"url":"https:\/\/holygums.com\/fr\/privacy-policy\/","url_meta":{"origin":420,"position":5},"title":"Politique de confidentialit\u00e9","author":"HolyGums","date":"mardi 16 juin 2020","format":false,"excerpt":"Last updated: April 26, 2020 This Privacy Policy describes Our policies and procedures on the collection, use and disclosure of Your information when You use the Service and tells You about Your privacy rights and how the law protects You. We use Your Personal data to provide and improve the\u2026","rel":"","context":"Article similaire","block_context":{"text":"Article similaire","link":""},"img":{"alt_text":"","src":"","width":0,"height":0},"classes":[]}],"jetpack_sharing_enabled":false,"_links":{"self":[{"href":"https:\/\/holygums.com\/fr\/wp-json\/wp\/v2\/pages\/420","targetHints":{"allow":["GET"]}}],"collection":[{"href":"https:\/\/holygums.com\/fr\/wp-json\/wp\/v2\/pages"}],"about":[{"href":"https:\/\/holygums.com\/fr\/wp-json\/wp\/v2\/types\/page"}],"author":[{"embeddable":true,"href":"https:\/\/holygums.com\/fr\/wp-json\/wp\/v2\/users\/1"}],"replies":[{"embeddable":true,"href":"https:\/\/holygums.com\/fr\/wp-json\/wp\/v2\/comments?post=420"}],"version-history":[{"count":62,"href":"https:\/\/holygums.com\/fr\/wp-json\/wp\/v2\/pages\/420\/revisions"}],"predecessor-version":[{"id":1449,"href":"https:\/\/holygums.com\/fr\/wp-json\/wp\/v2\/pages\/420\/revisions\/1449"}],"wp:attachment":[{"href":"https:\/\/holygums.com\/fr\/wp-json\/wp\/v2\/media?parent=420"}],"curies":[{"name":"wp","href":"https:\/\/api.w.org\/{rel}","templated":true}]}}