{"id":56,"date":"2019-03-06T12:59:32","date_gmt":"2019-03-06T12:59:32","guid":{"rendered":"https:\/\/demosites.io\/shop\/my-account\/"},"modified":"2020-06-16T16:03:46","modified_gmt":"2020-06-16T16:03:46","slug":"my-account","status":"publish","type":"page","link":"https:\/\/holygums.com\/fr\/my-account\/","title":{"rendered":"My account"},"content":{"rendered":"<div class=\"woocommerce\"><\/div>\n","protected":false},"excerpt":{"rendered":"","protected":false},"author":1,"featured_media":0,"parent":0,"menu_order":0,"comment_status":"closed","ping_status":"closed","template":"","meta":{"neve_meta_sidebar":"","neve_meta_container":"","neve_meta_enable_content_width":"off","neve_meta_content_width":0,"neve_meta_title_alignment":"","neve_meta_author_avatar":"","neve_post_elements_order":"","neve_meta_disable_header":"","neve_meta_disable_footer":"","neve_meta_disable_title":"","advanced_seo_description":"","jetpack_seo_html_title":"","jetpack_seo_noindex":false,"footnotes":""},"class_list":["post-56","page","type-page","status-publish","hentry"],"jetpack-related-posts":[{"id":3,"url":"https:\/\/holygums.com\/fr\/privacy-policy\/","url_meta":{"origin":56,"position":0},"title":"Politique de confidentialit\u00e9","author":"HolyGums","date":"mardi 16 juin 2020","format":false,"excerpt":"Last updated: April 26, 2020 This Privacy Policy describes Our policies and procedures on the collection, use and disclosure of Your information when You use the Service and tells You about Your privacy rights and how the law protects You. We use Your Personal data to provide and improve the\u2026","rel":"","context":"Article similaire","block_context":{"text":"Article similaire","link":""},"img":{"alt_text":"","src":"","width":0,"height":0},"classes":[]},{"id":420,"url":"https:\/\/holygums.com\/fr\/terms-and-conditions\/","url_meta":{"origin":56,"position":1},"title":"Terms and conditions","author":"HolyGums","date":"vendredi 26 juin 2020","format":false,"excerpt":"Conditions g\u00e9n\u00e9rales de vente Article 1 - ObjetLes pr\u00e9sentes conditions r\u00e9gissent les ventes par la soci\u00e9t\u00e9 NUTRIDEO SAS (contact en bas de cette page)\u00a0pour la vente de compl\u00e9ments alimentaires en ligne.Article 2 - PrixLes prix de nos produits sont indiqu\u00e9s en euros toutes taxes comprises (TVA et autres taxes applicables\u2026","rel":"","context":"Article similaire","block_context":{"text":"Article similaire","link":""},"img":{"alt_text":"","src":"","width":0,"height":0},"classes":[]}],"jetpack_sharing_enabled":true,"_links":{"self":[{"href":"https:\/\/holygums.com\/fr\/wp-json\/wp\/v2\/pages\/56","targetHints":{"allow":["GET"]}}],"collection":[{"href":"https:\/\/holygums.com\/fr\/wp-json\/wp\/v2\/pages"}],"about":[{"href":"https:\/\/holygums.com\/fr\/wp-json\/wp\/v2\/types\/page"}],"author":[{"embeddable":true,"href":"https:\/\/holygums.com\/fr\/wp-json\/wp\/v2\/users\/1"}],"replies":[{"embeddable":true,"href":"https:\/\/holygums.com\/fr\/wp-json\/wp\/v2\/comments?post=56"}],"version-history":[{"count":1,"href":"https:\/\/holygums.com\/fr\/wp-json\/wp\/v2\/pages\/56\/revisions"}],"predecessor-version":[{"id":281,"href":"https:\/\/holygums.com\/fr\/wp-json\/wp\/v2\/pages\/56\/revisions\/281"}],"wp:attachment":[{"href":"https:\/\/holygums.com\/fr\/wp-json\/wp\/v2\/media?parent=56"}],"curies":[{"name":"wp","href":"https:\/\/api.w.org\/{rel}","templated":true}]}}