{"id":718,"date":"2020-11-29T21:22:41","date_gmt":"2020-11-29T20:22:41","guid":{"rendered":"https:\/\/nutragums.com\/?post_type=product&#038;p=718"},"modified":"2024-11-11T19:10:05","modified_gmt":"2024-11-11T18:10:05","slug":"vitamin-boost-gummies","status":"publish","type":"product","link":"https:\/\/holygums.com\/fr\/product\/vitamin-boost-gummies\/","title":{"rendered":"Vitamines A C D E B9 B12 \u2022 Booster d\u2019immunit\u00e9 et de tonus \u2022 60 Gummies"},"content":{"rendered":"<p><\/p>\n<ul class=\"a-unordered-list a-vertical a-spacing-mini\">\n<li><span class=\"a-list-item\">\u2705 La vitamine A : indispensable \u00e0 la vision et \u00e0 la croissance des bronches, des intestins ou encore de la peau. La vitamine A intervient \u00e9galement dans la croissance osseuse, dans la synth\u00e8se de certaines hormones telle la progest\u00e9rone et dans les m\u00e9canismes immunitaires.<\/span><\/li>\n<li><span class=\"a-list-item\">\u2705 La vitamine B9\u00a0: la carence chez l&rsquo;homme entra\u00eene une an\u00e9mie et peut parfois conduire \u00e0 l&rsquo;anorexie ou \u00e0 la d\u00e9pression. Chez la femme enceinte la carence entra\u00eene des risques pour la formation du syst\u00e8me nerveux du foetus. La vitamine B12 : elle intervient dans de nombreuses r\u00e9actions chimiques de l&rsquo;organisme. Sa carence entra\u00eene principalement une an\u00e9mie.<\/span><\/li>\n<li><span class=\"a-list-item\">\u2705 La vitamine C : du tonus et elle nous aide ainsi \u00e0 r\u00e9sister aux infections. Elle intervient dans plusieurs m\u00e9canismes hormonaux. Elle joue \u00e9galement un r\u00f4le dans l&rsquo;\u00e9limination des substances toxiques.<\/span><\/li>\n<li><span class=\"a-list-item\">\u2705 La vitamine D intervient dans le l&rsquo;absorption du calcium et du phosphore. Elle joue un r\u00f4le essentiel dans la min\u00e9ralisation des os.<\/span><\/li>\n<li><span class=\"a-list-item\">\u2705 La vitamine E a un effet protecteur particuli\u00e8rement important vis-\u00e0-vis des cellules de l&rsquo;organisme. Elle joue un r\u00f4le important dans les m\u00e9canismes de la procr\u00e9ation et intervient dans la synth\u00e8se des globules rouges.<\/span><\/li>\n<\/ul>\n<div class=\"celwidget aplus-module module-9 aplus-standard\" data-csa-c-id=\"3mf3xk-nnufmk-ntngtg-d1h9y8\" data-cel-widget=\"aplus-module-9\">\n<div class=\"a-expander-collapsed-height a-row a-expander-container a-expander-partial-collapse-container\" aria-live=\"polite\" data-a-expander-name=\"aplus-module-expander\" data-a-expander-collapsed-height=\"700\">\n<div class=\"a-expander-content a-expander-partial-collapse-content\" aria-expanded=\"false\">\n<div class=\"aplus-module-wrapper apm-fixed-width\">\n<div class=\"apm-spacing apm-fixed-width\">\n<table class=\"apm-fixed-width apm-eventhirdcol-table\">\n<tbody>\n<tr>\n<th class=\"apm-center\">\n<div class=\"apm-eventhirdcol apm-floatleft\">\n<p><img decoding=\"async\" class=\"a-spacing-mini aligncenter\" src=\"https:\/\/m.media-amazon.com\/images\/S\/aplus-media-library-service-brand-media\/9c223e54e9c12f445c75a29abb36c566.w1224.h980.__CR122,0,980,980_PT0_SX300_V1___.jpg\" alt=\"100% BIO\" data-src=\"https:\/\/m.media-amazon.com\/images\/S\/aplus-media-library-service-brand-media\/9c223e54e9c12f445c75a29abb36c566.w1224.h980.__CR122,0,980,980_PT0_SX300_V1___.jpg\" \/><\/p>\n<\/div>\n<\/th>\n<th class=\"apm-center\">\n<div class=\"apm-eventhirdcol apm-floatleft\">\n<p><img decoding=\"async\" class=\"a-spacing-mini aligncenter\" src=\"https:\/\/m.media-amazon.com\/images\/S\/aplus-media-library-service-brand-media\/2373cc523615a2c144adb9dc1f83d388.w1348.h1348.__CR0,0,1348,1348_PT0_SX300_V1___.jpg\" alt=\"vitamine c gummies\" data-src=\"https:\/\/m.media-amazon.com\/images\/S\/aplus-media-library-service-brand-media\/2373cc523615a2c144adb9dc1f83d388.w1348.h1348.__CR0,0,1348,1348_PT0_SX300_V1___.jpg\" \/><\/p>\n<\/div>\n<\/th>\n<th class=\"apm-center\">\n<div class=\"apm-eventhirdcol apm-floatleft\">\n<p><img decoding=\"async\" class=\"a-spacing-mini aligncenter\" src=\"https:\/\/m.media-amazon.com\/images\/S\/aplus-media-library-service-brand-media\/bf67bef5629915bbca662c324e635ece.w1494.h1647.__CR0,77,1494,1494_PT0_SX300_V1___.png\" alt=\"Nutragums\" data-src=\"https:\/\/m.media-amazon.com\/images\/S\/aplus-media-library-service-brand-media\/bf67bef5629915bbca662c324e635ece.w1494.h1647.__CR0,77,1494,1494_PT0_SX300_V1___.png\" \/><\/p>\n<\/div>\n<\/th>\n<\/tr>\n<tr>\n<td class=\"apm-top\">\n<div class=\"apm-eventhirdcol apm-floatleft\">\n<p>Nos gummies NUTRAGUMS sont \u00e9labor\u00e9s avec des ingr\u00e9dients biologiques.<\/p>\n<p>Ils sont \u00e9galement compatibles avec les r\u00e9gimes vegan, v\u00e9g\u00e9tarien et sans gluten.<\/p>\n<\/div>\n<\/td>\n<td class=\"apm-top\">\n<div class=\"apm-eventhirdcol apm-floatleft\">\n<p>Retrouvez tous les bienfaits d&rsquo;une s\u00e9lection de vitamines essentielles au format de d\u00e9licieux gummies.<\/p>\n<p>La composition de cette formule vous apporte tonus et vitalit\u00e9.<\/p>\n<\/div>\n<\/td>\n<td class=\"apm-top\">\n<div class=\"apm-eventhirdcol apm-floatleft\">\n<p>NUTRAGUMS est une marque fran\u00e7aise de gummies nutraceutiques.<\/p>\n<p>Nous serions heureux de vous compter parmi nos clients.<\/p>\n<\/div>\n<\/td>\n<\/tr>\n<\/tbody>\n<\/table>\n<\/div>\n<\/div>\n<div><\/div>\n<\/div>\n<\/div>\n<\/div>\n<div class=\"celwidget aplus-module 3p-module-b aplus-standard\" data-csa-c-id=\"667x0b-yg8t4n-rjqw42-8n97nl\" data-cel-widget=\"aplus-3p-module-b\">\n<div class=\"aplus-module-wrapper aplus-3p-fixed-width\">\n<h3 class=\"a-spacing-mini\">POUR FAIRE LE PLEIN D&rsquo;\u00c9NERGIE !<\/h3>\n<p><img decoding=\"async\" class=\"a-spacing-base\" src=\"https:\/\/m.media-amazon.com\/images\/S\/aplus-media-library-service-media\/a14db7fb-9f14-4d6a-86c6-02b871670b81.__CR0,0,2606,1612_PT0_SX970_V1___.jpg\" alt=\"NutraGums vegan vitamin gummies\" data-src=\"https:\/\/m.media-amazon.com\/images\/S\/aplus-media-library-service-media\/a14db7fb-9f14-4d6a-86c6-02b871670b81.__CR0,0,2606,1612_PT0_SX970_V1___.jpg\" \/><\/p>\n<p class=\"a-spacing-base\">Nos d\u00e9licieux gummies NUTRAGUMS vous apporte une s\u00e9lection de vitamines essentielles au quotidien pour un maximum de tonus.<\/p>\n<p class=\"a-spacing-base\">Nous avons regroup\u00e9 au sein de cette formule l&rsquo;ensemble des vitamines n\u00e9cessaires au quotidien et pour booster votre \u00e9nergie.<\/p>\n<\/div>\n<\/div>\n<div class=\"celwidget aplus-module module-2 aplus-standard\" data-csa-c-id=\"hwkbyd-hau33v-7rodsa-4v9tgo\" data-cel-widget=\"aplus-module-2\">\n<div class=\"a-expander-collapsed-height a-row a-expander-container a-expander-partial-collapse-container\" aria-live=\"polite\" data-a-expander-name=\"aplus-module-expander\" data-a-expander-collapsed-height=\"700\">\n<div class=\"a-expander-content a-expander-partial-collapse-content\" aria-expanded=\"false\">\n<div class=\"aplus-module-wrapper apm-floatnone apm-fixed-width\">\n<div class=\"apm-sidemodule apm-spacing\">\n<div class=\"apm-sidemodule-imageleft\"><img decoding=\"async\" class=\"\" src=\"https:\/\/m.media-amazon.com\/images\/S\/aplus-media-library-service-media\/db8506a2-b9de-48b5-94a7-ab348bcc36bc.__CR0,0,1000,1000_PT0_SX300_V1___.jpg\" alt=\"vitamine c\" data-src=\"https:\/\/m.media-amazon.com\/images\/S\/aplus-media-library-service-media\/db8506a2-b9de-48b5-94a7-ab348bcc36bc.__CR0,0,1000,1000_PT0_SX300_V1___.jpg\" \/><\/div>\n<div class=\"apm-sidemodule-textright\">\n<h3 class=\"a-spacing-mini\">CONCENTR\u00c9 EN VITAMINE C<\/h3>\n<p>Pour rendre la formule encore plus efficace, les gummies VITAMIN BOOST de NUTRAGUMS ont une tr\u00e8s forte concentration en vitamine C.<\/p>\n<\/div>\n<\/div>\n<\/div>\n<\/div>\n<\/div>\n<\/div>\n<p><\/p>","protected":false},"excerpt":{"rendered":"<p class=\"p1\">Favorise la concentration et le tonus. Objectif boost d&rsquo;\u00e9nergie !<\/p>\n<p><a href=\"https:\/\/www.amazon.fr\/dp\/B08YFGZ64Q\" target=\"_blank\" rel=\"noopener noreferrer\"><button class=\"single_add_to_cart_button button alt\" name=\"amazon\" value=\"718\">Acheter sur Amazon<\/button><\/a><\/p>\n","protected":false},"featured_media":1014,"comment_status":"open","ping_status":"closed","template":"","meta":{"neve_meta_sidebar":"","neve_meta_container":"","neve_meta_enable_content_width":"off","neve_meta_content_width":70,"neve_meta_title_alignment":"","neve_meta_author_avatar":"","neve_post_elements_order":"","neve_meta_disable_header":"","neve_meta_disable_footer":"","neve_meta_disable_title":"","advanced_seo_description":"","jetpack_seo_html_title":"","jetpack_seo_noindex":false,"jetpack_publicize_message":"","jetpack_publicize_feature_enabled":true,"jetpack_social_post_already_shared":true,"jetpack_social_options":{"image_generator_settings":{"template":"highway","default_image_id":0,"font":"","enabled":false},"version":2}},"product_brand":[],"product_cat":[16,32],"product_tag":[],"class_list":{"0":"post-718","1":"product","2":"type-product","3":"status-publish","4":"has-post-thumbnail","6":"product_cat-immunity-system","7":"product_cat-tone","9":"first","10":"instock","11":"sale","12":"taxable","13":"shipping-taxable","14":"purchasable","15":"product-type-simple"},"jetpack_publicize_connections":[],"jetpack-related-posts":[{"id":97,"url":"https:\/\/holygums.com\/fr\/product\/apple-cider-vinegar-gummies\/","url_meta":{"origin":718,"position":0},"title":"Vinaigre de Cidre de Pomme \u2022 Digestion et Tonus \u2022 Ventre plat \u2022 60 gummies","author":"HolyGums","date":"mercredi  6 mars 2019","format":false,"excerpt":"Favorise la digestion et la perte de poids dans le cadre d'un r\u00e9gime \u00e9quilibr\u00e9. Objectif ventre plat ! Acheter sur Amazon","rel":"","context":"Article similaire","block_context":{"text":"Article similaire","link":""},"img":{"alt_text":"ACV Gummies","src":"https:\/\/i0.wp.com\/holygums.com\/wp-content\/uploads\/2020\/11\/01-2.jpg?fit=1200%2C1200&ssl=1&resize=350%2C200","width":350,"height":200,"srcset":"https:\/\/i0.wp.com\/holygums.com\/wp-content\/uploads\/2020\/11\/01-2.jpg?fit=1200%2C1200&ssl=1&resize=350%2C200 1x, https:\/\/i0.wp.com\/holygums.com\/wp-content\/uploads\/2020\/11\/01-2.jpg?fit=1200%2C1200&ssl=1&resize=525%2C300 1.5x, https:\/\/i0.wp.com\/holygums.com\/wp-content\/uploads\/2020\/11\/01-2.jpg?fit=1200%2C1200&ssl=1&resize=700%2C400 2x, https:\/\/i0.wp.com\/holygums.com\/wp-content\/uploads\/2020\/11\/01-2.jpg?fit=1200%2C1200&ssl=1&resize=1050%2C600 3x"},"classes":[]}],"jetpack_sharing_enabled":true,"_links":{"self":[{"href":"https:\/\/holygums.com\/fr\/wp-json\/wp\/v2\/product\/718","targetHints":{"allow":["GET"]}}],"collection":[{"href":"https:\/\/holygums.com\/fr\/wp-json\/wp\/v2\/product"}],"about":[{"href":"https:\/\/holygums.com\/fr\/wp-json\/wp\/v2\/types\/product"}],"replies":[{"embeddable":true,"href":"https:\/\/holygums.com\/fr\/wp-json\/wp\/v2\/comments?post=718"}],"wp:featuredmedia":[{"embeddable":true,"href":"https:\/\/holygums.com\/fr\/wp-json\/wp\/v2\/media\/1014"}],"wp:attachment":[{"href":"https:\/\/holygums.com\/fr\/wp-json\/wp\/v2\/media?parent=718"}],"wp:term":[{"taxonomy":"product_brand","embeddable":true,"href":"https:\/\/holygums.com\/fr\/wp-json\/wp\/v2\/product_brand?post=718"},{"taxonomy":"product_cat","embeddable":true,"href":"https:\/\/holygums.com\/fr\/wp-json\/wp\/v2\/product_cat?post=718"},{"taxonomy":"product_tag","embeddable":true,"href":"https:\/\/holygums.com\/fr\/wp-json\/wp\/v2\/product_tag?post=718"}],"curies":[{"name":"wp","href":"https:\/\/api.w.org\/{rel}","templated":true}]}}