{"id":92,"date":"2019-03-06T13:36:32","date_gmt":"2019-03-06T12:36:32","guid":{"rendered":"https:\/\/demosites.io\/shop\/?post_type=product&#038;p=92"},"modified":"2024-11-11T19:09:27","modified_gmt":"2024-11-11T18:09:27","slug":"immune-support-gummies","status":"publish","type":"product","link":"https:\/\/holygums.com\/fr\/product\/immune-support-gummies\/","title":{"rendered":"D\u00e9fense Immunitaire \u2022 Vitamine C, Echinacea &#038; Sambucus Nigra \u2022 60 Gummies"},"content":{"rendered":"<p><\/p>\n<ul class=\"a-unordered-list a-vertical a-spacing-mini\">\n<li><span class=\"a-list-item\">\u2705 Les principes actifs de ces gummies participent au fonctionnement normal du syst\u00e8me immunitaire<\/span><\/li>\n<li><span class=\"a-list-item\">\u2705 Haute concentration en extrait d&rsquo;ECHINACEA PURPUREA<\/span><\/li>\n<li><span class=\"a-list-item\">\u2705 Haute concentration en extrait de SUREAU NOIR (Sambucus Nigra)<\/span><\/li>\n<li><span class=\"a-list-item\">\u2705 Haute concentration en vitamine C<\/span><\/li>\n<\/ul>\n<div class=\"celwidget aplus-module module-9 aplus-standard\" data-csa-c-id=\"vm5lr7-bahvgt-lsjjn3-pf829o\" data-cel-widget=\"aplus-module-9\">\n<div class=\"a-expander-collapsed-height a-row a-expander-container a-expander-partial-collapse-container\" aria-live=\"polite\" data-a-expander-name=\"aplus-module-expander\" data-a-expander-collapsed-height=\"700\">\n<div class=\"a-expander-content a-expander-partial-collapse-content\" aria-expanded=\"false\">\n<div class=\"aplus-module-wrapper apm-fixed-width\">\n<div class=\"apm-spacing apm-fixed-width\">\n<table class=\"apm-fixed-width apm-eventhirdcol-table\">\n<tbody>\n<tr>\n<th class=\"apm-center\">\n<div class=\"apm-eventhirdcol apm-floatleft\">\n<p><img decoding=\"async\" class=\"a-spacing-mini aligncenter\" src=\"https:\/\/m.media-amazon.com\/images\/S\/aplus-media-library-service-brand-media\/9c223e54e9c12f445c75a29abb36c566.w1224.h980.__CR122,0,980,980_PT0_SX300_V1___.jpg\" alt=\"100% BIO\" data-src=\"https:\/\/m.media-amazon.com\/images\/S\/aplus-media-library-service-brand-media\/9c223e54e9c12f445c75a29abb36c566.w1224.h980.__CR122,0,980,980_PT0_SX300_V1___.jpg\" \/><\/p>\n<\/div>\n<\/th>\n<th class=\"apm-center\">\n<div class=\"apm-eventhirdcol apm-floatleft\">\n<p><img decoding=\"async\" class=\"a-spacing-mini aligncenter\" src=\"https:\/\/m.media-amazon.com\/images\/S\/aplus-media-library-service-brand-media\/970e5349149ebaf60eaf270aec753738.w1419.h1419.__CR0,0,1419,1419_PT0_SX300_V1___.jpg\" alt=\"defense immunitaire gummies\" data-src=\"https:\/\/m.media-amazon.com\/images\/S\/aplus-media-library-service-brand-media\/970e5349149ebaf60eaf270aec753738.w1419.h1419.__CR0,0,1419,1419_PT0_SX300_V1___.jpg\" \/><\/p>\n<\/div>\n<\/th>\n<th class=\"apm-center\">\n<div class=\"apm-eventhirdcol apm-floatleft\">\n<p><img decoding=\"async\" class=\"a-spacing-mini aligncenter\" src=\"https:\/\/m.media-amazon.com\/images\/S\/aplus-media-library-service-brand-media\/bf67bef5629915bbca662c324e635ece.w1494.h1647.__CR0,77,1494,1494_PT0_SX300_V1___.png\" alt=\"Nutragums\" data-src=\"https:\/\/m.media-amazon.com\/images\/S\/aplus-media-library-service-brand-media\/bf67bef5629915bbca662c324e635ece.w1494.h1647.__CR0,77,1494,1494_PT0_SX300_V1___.png\" \/><\/p>\n<\/div>\n<\/th>\n<\/tr>\n<tr>\n<td class=\"apm-top\">\n<div class=\"apm-eventhirdcol apm-floatleft\">\n<p>Nos gummies NUTRAGUMS sont \u00e9labor\u00e9s avec des ingr\u00e9dients biologiques.<\/p>\n<p>Ils sont \u00e9galement compatibles avec les r\u00e9gimes vegan, v\u00e9g\u00e9tarien et sans gluten.<\/p>\n<\/div>\n<\/td>\n<td class=\"apm-top\">\n<div class=\"apm-eventhirdcol apm-floatleft\">\n<p>Retrouvez tous les bienfaits du sureau noir, de l&rsquo;echinacea et de la vitamine C au format de d\u00e9licieux gummies. La combinaison de ces 3 ingr\u00e9dients est reconnue pour apporter un soutien optimal au syst\u00e8me immunitaire.<\/p>\n<\/div>\n<\/td>\n<td class=\"apm-top\">\n<div class=\"apm-eventhirdcol apm-floatleft\">\n<p>NUTRAGUMS est une marque fran\u00e7aise de gummies nutraceutiques.<\/p>\n<p>Nous serions heureux de vous compter parmi nos clients.<\/p>\n<\/div>\n<\/td>\n<\/tr>\n<\/tbody>\n<\/table>\n<\/div>\n<\/div>\n<div><\/div>\n<\/div>\n<\/div>\n<\/div>\n<div class=\"celwidget aplus-module 3p-module-b aplus-standard\" data-csa-c-id=\"aiw0bk-yqivwo-g498sl-hva4fl\" data-cel-widget=\"aplus-3p-module-b\">\n<div class=\"aplus-module-wrapper aplus-3p-fixed-width\">\n<h3 class=\"a-spacing-mini\">BOOSTEZ VOTRE DEFENSE IMMUNITAIRE !<\/h3>\n<p><img decoding=\"async\" class=\"a-spacing-base\" src=\"https:\/\/m.media-amazon.com\/images\/S\/aplus-media-library-service-brand-media\/b6734bc3adcb322056634974f14f3075.w2992.h2992.__CR482,828,1995,1234_PT0_SX970_V1___.jpg\" alt=\"defense immunitaire gummies\" data-src=\"https:\/\/m.media-amazon.com\/images\/S\/aplus-media-library-service-brand-media\/b6734bc3adcb322056634974f14f3075.w2992.h2992.__CR482,828,1995,1234_PT0_SX970_V1___.jpg\" \/><\/p>\n<p class=\"a-spacing-base\">Nos d\u00e9licieux gummies NUTRAGUMS contiennent des ingr\u00e9dients reconnus pour apporter un soutien optimal au syst\u00e8me immunitaire. Ils apportent \u00e9galement tonus et vivacit\u00e9.<\/p>\n<\/div>\n<\/div>\n<div class=\"celwidget aplus-module module-2 aplus-standard\" data-csa-c-id=\"nf3luj-qxy9rd-jynx0k-ma09nw\" data-cel-widget=\"aplus-module-2\">\n<div class=\"a-expander-collapsed-height a-row a-expander-container a-expander-partial-collapse-container\" aria-live=\"polite\" data-a-expander-name=\"aplus-module-expander\" data-a-expander-collapsed-height=\"700\">\n<div class=\"a-expander-content a-expander-partial-collapse-content\" aria-expanded=\"false\">\n<div class=\"aplus-module-wrapper apm-floatnone apm-fixed-width\">\n<div class=\"apm-sidemodule apm-spacing\">\n<div class=\"apm-sidemodule-imageleft\"><img decoding=\"async\" class=\"\" src=\"https:\/\/m.media-amazon.com\/images\/S\/aplus-media-library-service-media\/a96d5ca8-caeb-4510-b369-01415c932ea6.__CR150,0,1007,1007_PT0_SX300_V1___.jpeg\" alt=\"ECHINACEA\" data-src=\"https:\/\/m.media-amazon.com\/images\/S\/aplus-media-library-service-media\/a96d5ca8-caeb-4510-b369-01415c932ea6.__CR150,0,1007,1007_PT0_SX300_V1___.jpeg\" \/><\/div>\n<div class=\"apm-sidemodule-textright\">\n<h3 class=\"a-spacing-mini\">CONCENTR\u00c9 EN EXTRAIT D&rsquo;ECHINACEA PURPUREA<\/h3>\n<p>Les \u00e9chinac\u00e9es sont reconnues pour leurs bienfaits sur le syst\u00e8me immunitaire s&rsquo;il est soutenu par une hygi\u00e8ne de vie et une nutrition adapt\u00e9es.<\/p>\n<\/div>\n<\/div>\n<\/div>\n<div><\/div>\n<\/div>\n<\/div>\n<\/div>\n<div class=\"celwidget aplus-module module-3 aplus-standard\" data-csa-c-id=\"tbinzv-7xcu30-c8npl9-klo3kc\" data-cel-widget=\"aplus-module-3\">\n<div class=\"a-expander-collapsed-height a-row a-expander-container a-expander-partial-collapse-container\" aria-live=\"polite\" data-a-expander-name=\"aplus-module-expander\" data-a-expander-collapsed-height=\"700\">\n<div class=\"a-expander-content a-expander-partial-collapse-content\" aria-expanded=\"false\">\n<div class=\"aplus-module-wrapper apm-floatnone apm-fixed-width\">\n<div class=\"apm-sidemodule apm-spacing\">\n<div class=\"apm-sidemodule-imageright\"><img decoding=\"async\" class=\"a-spacing-mini\" src=\"https:\/\/m.media-amazon.com\/images\/S\/aplus-media-library-service-media\/f9c6465b-6525-446a-9858-2e3b9e524f71.__CR225,0,1126,1126_PT0_SX300_V1___.jpg\" alt=\"SUREAU\" data-src=\"https:\/\/m.media-amazon.com\/images\/S\/aplus-media-library-service-media\/f9c6465b-6525-446a-9858-2e3b9e524f71.__CR225,0,1126,1126_PT0_SX300_V1___.jpg\" \/><\/div>\n<div class=\"apm-sidemodule-textleft\">\n<h3 class=\"a-spacing-mini\">CONCENTR\u00c9 EN EXTRAIT DE SAMBUCUS NIGRA (SUREAU NOIR)<\/h3>\n<p>Le sureau noir (<span class=\"a-text-italic\">Sambucus nigra L<\/span>.) regorge de vitamines, de min\u00e9raux et d&rsquo;antioxydants. De la famille des Caprifoliac\u00e9es, il est utilis\u00e9 depuis de nombreux si\u00e8cles en m\u00e9decine pour ses vertus th\u00e9rapeutiques.<\/p>\n<\/div>\n<\/div>\n<\/div>\n<div><\/div>\n<\/div>\n<\/div>\n<\/div>\n<div class=\"celwidget aplus-module module-2 aplus-standard\" data-csa-c-id=\"5adxxz-b5968y-rgddu3-8ljb8q\" data-cel-widget=\"aplus-module-2\">\n<div class=\"a-expander-collapsed-height a-row a-expander-container a-expander-partial-collapse-container\" aria-live=\"polite\" data-a-expander-name=\"aplus-module-expander\" data-a-expander-collapsed-height=\"700\">\n<div class=\"a-expander-content a-expander-partial-collapse-content\" aria-expanded=\"false\">\n<div class=\"aplus-module-wrapper apm-floatnone apm-fixed-width\">\n<div class=\"apm-sidemodule apm-spacing\">\n<div class=\"apm-sidemodule-imageleft\"><img decoding=\"async\" class=\"\" src=\"https:\/\/m.media-amazon.com\/images\/S\/aplus-media-library-service-media\/db8506a2-b9de-48b5-94a7-ab348bcc36bc.__CR0,0,1000,1000_PT0_SX300_V1___.jpg\" alt=\"vitamine c\" data-src=\"https:\/\/m.media-amazon.com\/images\/S\/aplus-media-library-service-media\/db8506a2-b9de-48b5-94a7-ab348bcc36bc.__CR0,0,1000,1000_PT0_SX300_V1___.jpg\" \/><\/div>\n<div class=\"apm-sidemodule-textright\">\n<h3 class=\"a-spacing-mini\">CONCENTR\u00c9 EN VITAMINE C<\/h3>\n<p>Pour rendre la formule encore plus efficace, les gummies NUTRAGUMS pour la DEFENSE IMMUNITAIRE ont une forte concentration en vitamine C.<\/p>\n<\/div>\n<\/div>\n<\/div>\n<\/div>\n<\/div>\n<\/div>\n<p><\/p>","protected":false},"excerpt":{"rendered":"<p class=\"p1\">Favorise et renforce le syst\u00e8me immunitaire. Objectif sant\u00e9 forte !<\/p>\n<p><a href=\"https:\/\/www.amazon.fr\/dp\/B091BHPHWF\" target=\"_blank\" rel=\"noopener noreferrer\"><button class=\"single_add_to_cart_button button alt\" name=\"amazon\" value=\"718\">Acheter sur Amazon<\/button><\/a><\/p>\n","protected":false},"featured_media":1023,"comment_status":"open","ping_status":"closed","template":"","meta":{"neve_meta_sidebar":"","neve_meta_container":"","neve_meta_enable_content_width":"off","neve_meta_content_width":70,"neve_meta_title_alignment":"","neve_meta_author_avatar":"","neve_post_elements_order":"","neve_meta_disable_header":"","neve_meta_disable_footer":"","neve_meta_disable_title":"","advanced_seo_description":"","jetpack_seo_html_title":"","jetpack_seo_noindex":false,"jetpack_publicize_message":"","jetpack_publicize_feature_enabled":true,"jetpack_social_post_already_shared":false,"jetpack_social_options":{"image_generator_settings":{"template":"highway","default_image_id":0,"font":"","enabled":false},"version":2}},"product_brand":[],"product_cat":[16],"product_tag":[],"class_list":{"0":"post-92","1":"product","2":"type-product","3":"status-publish","4":"has-post-thumbnail","6":"product_cat-immunity-system","8":"first","9":"instock","10":"sale","11":"taxable","12":"shipping-taxable","13":"purchasable","14":"product-type-simple"},"jetpack_publicize_connections":[],"jetpack-related-posts":[{"id":97,"url":"https:\/\/holygums.com\/fr\/product\/apple-cider-vinegar-gummies\/","url_meta":{"origin":92,"position":0},"title":"Vinaigre de Cidre de Pomme \u2022 Digestion et Tonus \u2022 Ventre plat \u2022 60 gummies","author":"HolyGums","date":"mercredi  6 mars 2019","format":false,"excerpt":"Favorise la digestion et la perte de poids dans le cadre d'un r\u00e9gime \u00e9quilibr\u00e9. Objectif ventre plat ! Acheter sur Amazon","rel":"","context":"Article similaire","block_context":{"text":"Article similaire","link":""},"img":{"alt_text":"ACV Gummies","src":"https:\/\/i0.wp.com\/holygums.com\/wp-content\/uploads\/2020\/11\/01-2.jpg?fit=1200%2C1200&ssl=1&resize=350%2C200","width":350,"height":200,"srcset":"https:\/\/i0.wp.com\/holygums.com\/wp-content\/uploads\/2020\/11\/01-2.jpg?fit=1200%2C1200&ssl=1&resize=350%2C200 1x, https:\/\/i0.wp.com\/holygums.com\/wp-content\/uploads\/2020\/11\/01-2.jpg?fit=1200%2C1200&ssl=1&resize=525%2C300 1.5x, https:\/\/i0.wp.com\/holygums.com\/wp-content\/uploads\/2020\/11\/01-2.jpg?fit=1200%2C1200&ssl=1&resize=700%2C400 2x, https:\/\/i0.wp.com\/holygums.com\/wp-content\/uploads\/2020\/11\/01-2.jpg?fit=1200%2C1200&ssl=1&resize=1050%2C600 3x"},"classes":[]}],"jetpack_sharing_enabled":true,"_links":{"self":[{"href":"https:\/\/holygums.com\/fr\/wp-json\/wp\/v2\/product\/92","targetHints":{"allow":["GET"]}}],"collection":[{"href":"https:\/\/holygums.com\/fr\/wp-json\/wp\/v2\/product"}],"about":[{"href":"https:\/\/holygums.com\/fr\/wp-json\/wp\/v2\/types\/product"}],"replies":[{"embeddable":true,"href":"https:\/\/holygums.com\/fr\/wp-json\/wp\/v2\/comments?post=92"}],"wp:featuredmedia":[{"embeddable":true,"href":"https:\/\/holygums.com\/fr\/wp-json\/wp\/v2\/media\/1023"}],"wp:attachment":[{"href":"https:\/\/holygums.com\/fr\/wp-json\/wp\/v2\/media?parent=92"}],"wp:term":[{"taxonomy":"product_brand","embeddable":true,"href":"https:\/\/holygums.com\/fr\/wp-json\/wp\/v2\/product_brand?post=92"},{"taxonomy":"product_cat","embeddable":true,"href":"https:\/\/holygums.com\/fr\/wp-json\/wp\/v2\/product_cat?post=92"},{"taxonomy":"product_tag","embeddable":true,"href":"https:\/\/holygums.com\/fr\/wp-json\/wp\/v2\/product_tag?post=92"}],"curies":[{"name":"wp","href":"https:\/\/api.w.org\/{rel}","templated":true}]}}