{"id":97,"date":"2019-03-06T13:38:27","date_gmt":"2019-03-06T12:38:27","guid":{"rendered":"https:\/\/demosites.io\/shop\/?post_type=product&#038;p=97"},"modified":"2024-11-11T19:09:16","modified_gmt":"2024-11-11T18:09:16","slug":"apple-cider-vinegar-gummies","status":"publish","type":"product","link":"https:\/\/holygums.com\/fr\/product\/apple-cider-vinegar-gummies\/","title":{"rendered":"Vinaigre de Cidre de Pomme \u2022 Digestion et Tonus \u2022 Ventre plat \u2022 60 gummies"},"content":{"rendered":"<p><\/p>\n<div class=\"woocommerce-product-details__short-description\">\n<ul class=\"a-unordered-list a-vertical a-spacing-mini\">\n<li><span class=\"a-list-item\">\u2705 Le vinaigre de cidre a l&rsquo;avantage de concentrer les principes actifs du fruit \u00e0 partir duquel il est \u00e9labor\u00e9 : la pomme. De ce fait, le vinaigre de cidre a une teneur int\u00e9ressante en antioxydants, en acide ac\u00e9tique et en pectine.<\/span><\/li>\n<li><span class=\"a-list-item\">\u2705 Le vinaigre de cidre est riche en min\u00e9raux, des min\u00e9raux essentiels \u00e0 notre organisme. Il contient du potassium, du calcium, du magn\u00e9sium, du phosphore, du chlore, du sodium, du soufre, du cuivre, du fer, du silicone et du fluor.<\/span><\/li>\n<li><span class=\"a-list-item\">\u2705 Le vinaigre de cidre de pomme est obtenu \u00e0 partir de jus de pomme ferment\u00e9. Tr\u00e8s populaire depuis des si\u00e8cles, il est utilis\u00e9 en m\u00e9decine pour ses bienfaits suppos\u00e9s.<\/span><\/li>\n<\/ul>\n<\/div>\n<div class=\"celwidget aplus-module module-9 aplus-standard\" data-csa-c-id=\"sams6w-1lsp2v-blqjqm-ozw5jn\" data-cel-widget=\"aplus-module-9\">\n<div class=\"a-expander-collapsed-height a-row a-expander-container a-expander-partial-collapse-container\" aria-live=\"polite\" data-a-expander-name=\"aplus-module-expander\" data-a-expander-collapsed-height=\"700\">\n<div class=\"a-expander-content a-expander-partial-collapse-content\" aria-expanded=\"false\">\n<div class=\"aplus-module-wrapper apm-fixed-width\">\n<div class=\"apm-spacing apm-fixed-width\">\n<table class=\"apm-fixed-width apm-eventhirdcol-table\">\n<tbody>\n<tr>\n<th class=\"apm-center\">\n<div class=\"apm-eventhirdcol apm-floatleft\">\n<p><img decoding=\"async\" class=\"a-spacing-mini aligncenter\" src=\"https:\/\/m.media-amazon.com\/images\/S\/aplus-media-library-service-brand-media\/9c223e54e9c12f445c75a29abb36c566.w1224.h980.__CR122,0,980,980_PT0_SX300_V1___.jpg\" alt=\"100% BIO\" data-src=\"https:\/\/m.media-amazon.com\/images\/S\/aplus-media-library-service-brand-media\/9c223e54e9c12f445c75a29abb36c566.w1224.h980.__CR122,0,980,980_PT0_SX300_V1___.jpg\" \/><\/p>\n<\/div>\n<\/th>\n<th class=\"apm-center\">\n<div class=\"apm-eventhirdcol apm-floatleft\">\n<p><img decoding=\"async\" class=\"a-spacing-mini aligncenter\" src=\"https:\/\/m.media-amazon.com\/images\/S\/aplus-media-library-service-brand-media\/8ffb55c64c7de70e077aefd41c83ef36.w1348.h1348.__CR0,0,1348,1348_PT0_SX300_V1___.jpg\" alt=\"ACV gummies\" data-src=\"https:\/\/m.media-amazon.com\/images\/S\/aplus-media-library-service-brand-media\/8ffb55c64c7de70e077aefd41c83ef36.w1348.h1348.__CR0,0,1348,1348_PT0_SX300_V1___.jpg\" \/><\/p>\n<\/div>\n<\/th>\n<th class=\"apm-center\">\n<div class=\"apm-eventhirdcol apm-floatleft\">\n<p><img decoding=\"async\" class=\"a-spacing-mini aligncenter\" src=\"https:\/\/m.media-amazon.com\/images\/S\/aplus-media-library-service-brand-media\/bf67bef5629915bbca662c324e635ece.w1494.h1647.__CR0,77,1494,1494_PT0_SX300_V1___.png\" alt=\"Nutragums\" data-src=\"https:\/\/m.media-amazon.com\/images\/S\/aplus-media-library-service-brand-media\/bf67bef5629915bbca662c324e635ece.w1494.h1647.__CR0,77,1494,1494_PT0_SX300_V1___.png\" \/><\/p>\n<\/div>\n<\/th>\n<\/tr>\n<tr>\n<td class=\"apm-top\">\n<div class=\"apm-eventhirdcol apm-floatleft\">\n<p>Nos gummies NUTRAGUMS sont \u00e9labor\u00e9s avec des ingr\u00e9dients biologiques.<\/p>\n<p>Ils sont \u00e9galement compatibles avec les r\u00e9gimes vegan, v\u00e9g\u00e9tarien et sans gluten.<\/p>\n<\/div>\n<\/td>\n<td class=\"apm-top\">\n<div class=\"apm-eventhirdcol apm-floatleft\">\n<p>Retrouvez tous les bienfaits du vinaigre de cidre de pomme au format de d\u00e9licieux gummies.<\/p>\n<\/div>\n<\/td>\n<td class=\"apm-top\">\n<div class=\"apm-eventhirdcol apm-floatleft\">\n<p>NUTRAGUMS est une marque fran\u00e7aise de gummies nutraceutiques.<\/p>\n<p>Nous serions heureux de vous compter parmi nos clients.<\/p>\n<\/div>\n<\/td>\n<\/tr>\n<\/tbody>\n<\/table>\n<\/div>\n<\/div>\n<div><\/div>\n<\/div>\n<\/div>\n<\/div>\n<div class=\"celwidget aplus-module 3p-module-b aplus-standard\" data-csa-c-id=\"gs3crk-ip2ukp-sj03sl-58qger\" data-cel-widget=\"aplus-3p-module-b\">\n<div class=\"aplus-module-wrapper aplus-3p-fixed-width\">\n<h3 class=\"a-spacing-mini\">Objectif ventre plat et confort digestif !<\/h3>\n<p><img decoding=\"async\" class=\"a-spacing-base\" src=\"https:\/\/m.media-amazon.com\/images\/S\/aplus-media-library-service-brand-media\/29a5f64e6cc2eed2449cad88f6778fdc.w1845.h1844.__CR0,0,1845,1141_PT0_SX970_V1___.jpg\" alt=\"ACV gummies\" data-src=\"https:\/\/m.media-amazon.com\/images\/S\/aplus-media-library-service-brand-media\/29a5f64e6cc2eed2449cad88f6778fdc.w1845.h1844.__CR0,0,1845,1141_PT0_SX970_V1___.jpg\" \/><\/p>\n<p class=\"a-spacing-base\">Nos d\u00e9licieux gummies NUTRAGUMS vous aideront \u00e0 atteindre vos objectifs de poids et de tonus dans le cadre d&rsquo;un r\u00e9gime \u00e9quilibr\u00e9.<\/p>\n<\/div>\n<\/div>\n<div class=\"celwidget aplus-module module-2 aplus-standard\" data-csa-c-id=\"2f9c6z-1ovqyg-yft996-stsd2z\" data-cel-widget=\"aplus-module-2\">\n<div class=\"a-expander-collapsed-height a-row a-expander-container a-expander-partial-collapse-container\" aria-live=\"polite\" data-a-expander-name=\"aplus-module-expander\" data-a-expander-collapsed-height=\"700\">\n<div class=\"a-expander-content a-expander-partial-collapse-content\" aria-expanded=\"false\">\n<div class=\"aplus-module-wrapper apm-floatnone apm-fixed-width\">\n<div class=\"apm-sidemodule apm-spacing\">\n<div class=\"apm-sidemodule-imageleft\"><img decoding=\"async\" class=\"\" src=\"https:\/\/m.media-amazon.com\/images\/S\/aplus-media-library-service-media\/62023f33-3239-478b-8ae7-2e5cf55ca75b.__CR0,0,1500,1500_PT0_SX300_V1___.jpg\" alt=\"ACV gummies\" data-src=\"https:\/\/m.media-amazon.com\/images\/S\/aplus-media-library-service-media\/62023f33-3239-478b-8ae7-2e5cf55ca75b.__CR0,0,1500,1500_PT0_SX300_V1___.jpg\" \/><\/div>\n<div class=\"apm-sidemodule-textright\">\n<h3 class=\"a-spacing-mini\">Les gummies ACV de NUTRAGUMS<\/h3>\n<p>Le vinaigre de cidre a l&rsquo;avantage de concentrer les principes actifs du fruit \u00e0 partir duquel il est \u00e9labor\u00e9 : la pomme. De ce fait, le vinaigre de cidre a une teneur int\u00e9ressante en antioxydants, en acide ac\u00e9tique et en pectine.<\/p>\n<\/div>\n<\/div>\n<\/div>\n<div><\/div>\n<\/div>\n<\/div>\n<\/div>\n<div class=\"celwidget aplus-module module-3 aplus-standard\" data-csa-c-id=\"ux0pns-m9ybox-iwi9p-mybi13\" data-cel-widget=\"aplus-module-3\">\n<div class=\"a-expander-collapsed-height a-row a-expander-container a-expander-partial-collapse-container\" aria-live=\"polite\" data-a-expander-name=\"aplus-module-expander\" data-a-expander-collapsed-height=\"700\">\n<div class=\"a-expander-content a-expander-partial-collapse-content\" aria-expanded=\"false\">\n<div class=\"aplus-module-wrapper apm-floatnone apm-fixed-width\">\n<div class=\"apm-sidemodule apm-spacing\">\n<div class=\"apm-sidemodule-imageright\"><img decoding=\"async\" class=\"a-spacing-mini\" src=\"https:\/\/m.media-amazon.com\/images\/S\/aplus-media-library-service-media\/2188cd20-2920-4d7a-a91d-9b91cbc58d6f.__CR0,0,1500,1500_PT0_SX300_V1___.jpg\" alt=\"ACV gummies\" data-src=\"https:\/\/m.media-amazon.com\/images\/S\/aplus-media-library-service-media\/2188cd20-2920-4d7a-a91d-9b91cbc58d6f.__CR0,0,1500,1500_PT0_SX300_V1___.jpg\" \/><\/div>\n<div class=\"apm-sidemodule-textleft\">\n<h3 class=\"a-spacing-mini\">Les gummies ACV de NUTRAGUMS<\/h3>\n<p>Le vinaigre de cidre est riche en min\u00e9raux essentiels \u00e0 notre organisme. Il contient du potassium, du calcium, du magn\u00e9sium, du phosphore, du chlore, du sodium, du soufre, du cuivre, du fer, du silicone et du fluor. Il favorise la perte de poids dans le cadre d&rsquo;une alimentation \u00e9quilibr\u00e9e.<\/p>\n<\/div>\n<\/div>\n<\/div>\n<div><\/div>\n<\/div>\n<\/div>\n<\/div>\n<div class=\"celwidget aplus-module module-5 aplus-standard\" data-csa-c-id=\"5o8ktv-zeizjo-hrb4ux-psv4xy\" data-cel-widget=\"aplus-module-5\">\n<div class=\"aplus-module-wrapper apm-fixed-width\">\n<div class=\"apm-spacing aplus-module-content\">\n<div class=\"apm-tablemodule\"><\/div>\n<\/div>\n<\/div>\n<\/div>\n<p><\/p>","protected":false},"excerpt":{"rendered":"<p class=\"p1\">Favorise la digestion et la perte de poids dans le cadre d&rsquo;un r\u00e9gime \u00e9quilibr\u00e9. Objectif ventre plat !<\/p>\n<p><a href=\"https:\/\/www.amazon.fr\/dp\/B091B5C68J\" target=\"_blank\" rel=\"noopener noreferrer\"><button class=\"single_add_to_cart_button button alt\" name=\"amazon\" value=\"718\">Acheter sur Amazon<\/button><\/a><\/p>\n","protected":false},"featured_media":1030,"comment_status":"open","ping_status":"closed","template":"","meta":{"neve_meta_sidebar":"","neve_meta_container":"","neve_meta_enable_content_width":"off","neve_meta_content_width":70,"neve_meta_title_alignment":"","neve_meta_author_avatar":"","neve_post_elements_order":"","neve_meta_disable_header":"","neve_meta_disable_footer":"","neve_meta_disable_title":"","advanced_seo_description":"","jetpack_seo_html_title":"","jetpack_seo_noindex":false,"jetpack_publicize_message":"","jetpack_publicize_feature_enabled":true,"jetpack_social_post_already_shared":false,"jetpack_social_options":{"image_generator_settings":{"template":"highway","default_image_id":0,"font":"","enabled":false},"version":2}},"product_brand":[],"product_cat":[16,32],"product_tag":[],"class_list":{"0":"post-97","1":"product","2":"type-product","3":"status-publish","4":"has-post-thumbnail","6":"product_cat-immunity-system","7":"product_cat-tone","9":"first","10":"instock","11":"sale","12":"taxable","13":"shipping-taxable","14":"purchasable","15":"product-type-simple"},"jetpack_publicize_connections":[],"jetpack-related-posts":[],"jetpack_sharing_enabled":true,"_links":{"self":[{"href":"https:\/\/holygums.com\/fr\/wp-json\/wp\/v2\/product\/97","targetHints":{"allow":["GET"]}}],"collection":[{"href":"https:\/\/holygums.com\/fr\/wp-json\/wp\/v2\/product"}],"about":[{"href":"https:\/\/holygums.com\/fr\/wp-json\/wp\/v2\/types\/product"}],"replies":[{"embeddable":true,"href":"https:\/\/holygums.com\/fr\/wp-json\/wp\/v2\/comments?post=97"}],"wp:featuredmedia":[{"embeddable":true,"href":"https:\/\/holygums.com\/fr\/wp-json\/wp\/v2\/media\/1030"}],"wp:attachment":[{"href":"https:\/\/holygums.com\/fr\/wp-json\/wp\/v2\/media?parent=97"}],"wp:term":[{"taxonomy":"product_brand","embeddable":true,"href":"https:\/\/holygums.com\/fr\/wp-json\/wp\/v2\/product_brand?post=97"},{"taxonomy":"product_cat","embeddable":true,"href":"https:\/\/holygums.com\/fr\/wp-json\/wp\/v2\/product_cat?post=97"},{"taxonomy":"product_tag","embeddable":true,"href":"https:\/\/holygums.com\/fr\/wp-json\/wp\/v2\/product_tag?post=97"}],"curies":[{"name":"wp","href":"https:\/\/api.w.org\/{rel}","templated":true}]}}